{"id":38,"date":"2014-04-02T18:12:01","date_gmt":"2014-04-02T16:12:01","guid":{"rendered":"https:\/\/localhost\/Maison%20Bernard\/www\/?page_id=38"},"modified":"2026-02-04T12:18:24","modified_gmt":"2026-02-04T11:18:24","slug":"visit-the-house","status":"publish","type":"page","link":"https:\/\/fonds-maisonbernard.com\/fr\/visiter-la-maison\/","title":{"rendered":"Visiter la maison"},"content":{"rendered":"<p><\/p>\n\n\n\n<div class=\"wp-block-group\"><div class=\"wp-block-group__inner-container is-layout-flow wp-block-group-is-layout-flow\">\n<div class=\"wp-block-group\"><div class=\"wp-block-group__inner-container is-layout-flow wp-block-group-is-layout-flow\"><div class=\"col50_1\"><\/p>\n<div class=\"content-justify\">\n<h1>informations<\/h1>\n<h2>sur la visite<\/h2>\n<h4> La Maison Bernard est d\u00e9sormais ouverte au public sur rendez-vous. La visite se concentre sur les espaces embl\u00e9matiques de la maison. Elle permet d\u2019appr\u00e9hender l\u2019architecture d\u2019Antti Lovag.<\/h4>\n<p>&#8211; Les visites se d\u00e9roulent <u>sur rendez-vous tous les lundis et jeudis de septembre \u00e0 juin<\/u>. La maison est ferm\u00e9e en juillet et ao\u00fbt.<br \/>\n&#8211; Les visiteurs sont en permanence accompagn\u00e9s par un guide. Les visites sont r\u00e9serv\u00e9es aux plus de 15 ans.<br \/>\n&#8211; Sur demande, des visites guid\u00e9es peuvent \u00eatre organis\u00e9es en anglais sous r\u00e9serve de 8 participants minimum.<br \/>\n&nbsp;<br \/>\nLe prix d\u2019entr\u00e9e est de 25\u20ac, de 15\u20ac pour les \u00e9tudiants (sur pr\u00e9sentation de la carte d\u2019\u00e9tudiant) et pour les moins de 18 ans.<br \/>\n&nbsp;<br \/>\n<a class=\"email_visite\" title=\"S\u2019inscrire pour la visite\" href=\"#\">S\u2019inscrire pour la Visite<\/a><br \/>\n&nbsp;<br \/>\n<style type=\"text\/css\" id=\"umsMapStyles_4_37532\">\r\n    #ultimate_maps_4_37532 {\r\n        width: 100%;\r\n        height: 400px;\r\n                border: 0px solid ;\r\n        margin: 0px;\r\n    }\r\n    #mapsControlsNum_4_37532 {\r\n        width:100%    }\r\n    .umsMapDetailsContainer#umsMapDetailsContainer_4_37532 {\r\n        height:400px;\r\n    }\r\n    .ums_MapPreview#ultimate_maps_4_37532 {\r\n        \/*position:absolute;*\/\r\n        width:100%;\r\n    }\r\n    #mapConElem_4_37532{\r\n        width:100%    }\r\n    <\/style><div class=\"ums_map_opts\" id=\"mapConElem_4_37532\" data-id=\"4\" data-view-id=\"4_37532\" > <div class=\"umsMapDetailsContainer\" id=\"umsMapDetailsContainer_4_37532\"> <i class=\"umsKMLLayersPreloader fa fa-spinner fa-spin\" aria-hidden=\"true\" style=\"display: none;\"><\/i> <div class=\"ums_MapPreview \" id=\"ultimate_maps_4_37532\"><\/div> <\/div> <div class=\"umsMapMarkerFilters\" id=\"umsMapMarkerFilters_4_37532\"> <\/div> <div class=\"umsMapProControlsCon\" id=\"umsMapProControlsCon_4_37532\"> <a title=\"WP Google Maps\" style=\"display:none;\" href=\"https:\/\/supsystic.com\/plugins\/google-maps-plugin\/?utm_medium=love_link_hide\" target=\"_blank\">WP Google Maps<\/a><div style=\"clear: both;\"><\/div> <\/div> <div class=\"umsMapProDirectionsCon\" id=\"umsMapProDirectionsCon_4_37532\" > <\/div> <div class=\"umsMapProKmlFilterCon\" id=\"umsMapProKmlFilterCon_4_37532\" > <\/div> <div class=\"umsSocialSharingShell umsSocialSharingShell_4_37532\"> <\/div> <div style=\"clear: both;\"><\/div> <\/div>\n<\/div>\n<p><\/div>\n<\/div><\/div>\n<\/div><\/div>\n\n\n<div class=\"col50_2\"><\/p>\n<div class=\"content-right\">\n<h2>adresse<\/h2>\n<p>Maison Bernard<br \/>\nPort-la-Gal\u00e8re<br \/>\n06590 Th\u00e9oule-sur-Mer, France<br \/>\n&nbsp;<\/p>\n<h2>horaires<\/h2>\n<p><a class=\"email_visite\" title=\"Le lundi &amp; jeudi sur rendez-vous\" href=\"#\">Le lundi &amp; jeudi sur rendez-vous<\/a><br \/>\n&nbsp;\n<\/div>\n<div class=\"content-justify\">\n<div style=\"position: relative;\"><img decoding=\"async\" src=\"https:\/\/fonds-maisonbernard.com\/wp-content\/themes\/maisonbernard\/img\/visite\/MB-visite.jpg\" alt=\"Maison Bernard\"><img decoding=\"async\" class=\"copyrights_post\" src=\"https:\/\/fonds-maisonbernard.com\/wp-content\/themes\/maisonbernard\/img\/spacer.gif\"><\/div>\n<p>&nbsp;<\/p>\n<h1>conditions<\/h1>\n<h2>sur la visite<\/h2>\n<h4>Afin de respecter le lieu et l\u2019architecture, les photographies et les vid\u00e9os sont interdites m\u00eame \u00e0 partir d\u2019un t\u00e9l\u00e9phone portable.<\/h4>\n<p>Boissons et nourritures ne sont pas autoris\u00e9s. Les objets encombrants, tels que les sacs \u00e0 dos, parapluies,&#8230; doivent \u00eatre d\u00e9pos\u00e9s avant la visite. Les t\u00e9l\u00e9phones portables doivent \u00eatre mode silencieux. Les animaux ne sont pas autoris\u00e9s.\n<\/p><\/div>\n<p><\/div>\n\n\n\n<p><\/p>","protected":false},"excerpt":{"rendered":"","protected":false},"author":4,"featured_media":1043,"parent":0,"menu_order":0,"comment_status":"closed","ping_status":"closed","template":"template-visite.php","meta":{"footnotes":""},"class_list":["post-38","page","type-page","status-publish","has-post-thumbnail","hentry"],"yoast_head":"<!-- This site is optimized with the Yoast SEO plugin v26.9 - https:\/\/yoast.com\/product\/yoast-seo-wordpress\/ -->\n<title>Visiter la maison - La Maison Bernard<\/title>\n<meta name=\"description\" content=\"La Maison Bernard est d\u00e9sormais ouverte au public sur rendez-vous. La visite se concentre sur les espaces embl\u00e9matiques de la maison.\" \/>\n<meta name=\"robots\" content=\"index, follow, max-snippet:-1, max-image-preview:large, max-video-preview:-1\" \/>\n<link rel=\"canonical\" href=\"https:\/\/fonds-maisonbernard.com\/fr\/visiter-la-maison\/\" \/>\n<meta name=\"twitter:label1\" content=\"Dur\u00e9e de lecture estim\u00e9e\" \/>\n\t<meta name=\"twitter:data1\" content=\"4 minutes\" \/>\n<script type=\"application\/ld+json\" class=\"yoast-schema-graph\">{\"@context\":\"https:\/\/schema.org\",\"@graph\":[{\"@type\":\"WebPage\",\"@id\":\"https:\/\/fonds-maisonbernard.com\/fr\/visiter-la-maison\/\",\"url\":\"https:\/\/fonds-maisonbernard.com\/fr\/visiter-la-maison\/\",\"name\":\"[:fr]Visiter la maison - La Maison Bernard[:en]Visit the house - The Maison Bernard[:]\",\"isPartOf\":{\"@id\":\"https:\/\/fonds-maisonbernard.com\/fr\/#website\"},\"primaryImageOfPage\":{\"@id\":\"https:\/\/fonds-maisonbernard.com\/fr\/visiter-la-maison\/#primaryimage\"},\"image\":{\"@id\":\"https:\/\/fonds-maisonbernard.com\/fr\/visiter-la-maison\/#primaryimage\"},\"thumbnailUrl\":\"https:\/\/fonds-maisonbernard.com\/wp-content\/uploads\/2014\/07\/MB-visite.jpg\",\"datePublished\":\"2014-04-02T16:12:01+00:00\",\"dateModified\":\"2026-02-04T11:18:24+00:00\",\"description\":\"{:fr}La Maison Bernard est d\u00e9sormais ouverte au public sur rendez-vous. La visite se concentre sur les espaces embl\u00e9matiques de la maison.{:en}The Maison Bernard is open to public visits by appointment for groups of 8 people maximum. The visits focus on the most representative areas of the House.{:}\",\"breadcrumb\":{\"@id\":\"https:\/\/fonds-maisonbernard.com\/fr\/visiter-la-maison\/#breadcrumb\"},\"inLanguage\":\"fr-FR\",\"potentialAction\":[{\"@type\":\"ReadAction\",\"target\":[\"https:\/\/fonds-maisonbernard.com\/fr\/visiter-la-maison\/\"]}]},{\"@type\":\"ImageObject\",\"inLanguage\":\"fr-FR\",\"@id\":\"https:\/\/fonds-maisonbernard.com\/fr\/visiter-la-maison\/#primaryimage\",\"url\":\"https:\/\/fonds-maisonbernard.com\/wp-content\/uploads\/2014\/07\/MB-visite.jpg\",\"contentUrl\":\"https:\/\/fonds-maisonbernard.com\/wp-content\/uploads\/2014\/07\/MB-visite.jpg\",\"width\":768,\"height\":345,\"caption\":\"MB-visite\"},{\"@type\":\"BreadcrumbList\",\"@id\":\"https:\/\/fonds-maisonbernard.com\/fr\/visiter-la-maison\/#breadcrumb\",\"itemListElement\":[{\"@type\":\"ListItem\",\"position\":1,\"name\":\"Accueil\",\"item\":\"https:\/\/fonds-maisonbernard.com\/fr\/\"},{\"@type\":\"ListItem\",\"position\":2,\"name\":\"Visiter la maison\"}]},{\"@type\":\"WebSite\",\"@id\":\"https:\/\/fonds-maisonbernard.com\/fr\/#website\",\"url\":\"https:\/\/fonds-maisonbernard.com\/fr\/\",\"name\":\"La Maison Bernard\",\"description\":\"\",\"potentialAction\":[{\"@type\":\"SearchAction\",\"target\":{\"@type\":\"EntryPoint\",\"urlTemplate\":\"https:\/\/fonds-maisonbernard.com\/fr\/?s={search_term_string}\"},\"query-input\":{\"@type\":\"PropertyValueSpecification\",\"valueRequired\":true,\"valueName\":\"search_term_string\"}}],\"inLanguage\":\"fr-FR\"}]}<\/script>\n<!-- \/ Yoast SEO plugin. -->","yoast_head_json":{"title":"Visiter la maison - La Maison Bernard","description":"La Maison Bernard est d\u00e9sormais ouverte au public sur rendez-vous. La visite se concentre sur les espaces embl\u00e9matiques de la maison.","robots":{"index":"index","follow":"follow","max-snippet":"max-snippet:-1","max-image-preview":"max-image-preview:large","max-video-preview":"max-video-preview:-1"},"canonical":"https:\/\/fonds-maisonbernard.com\/fr\/visiter-la-maison\/","twitter_misc":{"Dur\u00e9e de lecture estim\u00e9e":"4 minutes"},"schema":{"@context":"https:\/\/schema.org","@graph":[{"@type":"WebPage","@id":"https:\/\/fonds-maisonbernard.com\/fr\/visiter-la-maison\/","url":"https:\/\/fonds-maisonbernard.com\/fr\/visiter-la-maison\/","name":"[:fr]Visiter la maison - La Maison Bernard[:en]Visit the house - The Maison Bernard[:]","isPartOf":{"@id":"https:\/\/fonds-maisonbernard.com\/fr\/#website"},"primaryImageOfPage":{"@id":"https:\/\/fonds-maisonbernard.com\/fr\/visiter-la-maison\/#primaryimage"},"image":{"@id":"https:\/\/fonds-maisonbernard.com\/fr\/visiter-la-maison\/#primaryimage"},"thumbnailUrl":"https:\/\/fonds-maisonbernard.com\/wp-content\/uploads\/2014\/07\/MB-visite.jpg","datePublished":"2014-04-02T16:12:01+00:00","dateModified":"2026-02-04T11:18:24+00:00","description":"{:fr}La Maison Bernard est d\u00e9sormais ouverte au public sur rendez-vous. La visite se concentre sur les espaces embl\u00e9matiques de la maison.{:en}The Maison Bernard is open to public visits by appointment for groups of 8 people maximum. The visits focus on the most representative areas of the House.{:}","breadcrumb":{"@id":"https:\/\/fonds-maisonbernard.com\/fr\/visiter-la-maison\/#breadcrumb"},"inLanguage":"fr-FR","potentialAction":[{"@type":"ReadAction","target":["https:\/\/fonds-maisonbernard.com\/fr\/visiter-la-maison\/"]}]},{"@type":"ImageObject","inLanguage":"fr-FR","@id":"https:\/\/fonds-maisonbernard.com\/fr\/visiter-la-maison\/#primaryimage","url":"https:\/\/fonds-maisonbernard.com\/wp-content\/uploads\/2014\/07\/MB-visite.jpg","contentUrl":"https:\/\/fonds-maisonbernard.com\/wp-content\/uploads\/2014\/07\/MB-visite.jpg","width":768,"height":345,"caption":"MB-visite"},{"@type":"BreadcrumbList","@id":"https:\/\/fonds-maisonbernard.com\/fr\/visiter-la-maison\/#breadcrumb","itemListElement":[{"@type":"ListItem","position":1,"name":"Accueil","item":"https:\/\/fonds-maisonbernard.com\/fr\/"},{"@type":"ListItem","position":2,"name":"Visiter la maison"}]},{"@type":"WebSite","@id":"https:\/\/fonds-maisonbernard.com\/fr\/#website","url":"https:\/\/fonds-maisonbernard.com\/fr\/","name":"La Maison Bernard","description":"","potentialAction":[{"@type":"SearchAction","target":{"@type":"EntryPoint","urlTemplate":"https:\/\/fonds-maisonbernard.com\/fr\/?s={search_term_string}"},"query-input":{"@type":"PropertyValueSpecification","valueRequired":true,"valueName":"search_term_string"}}],"inLanguage":"fr-FR"}]}},"_links":{"self":[{"href":"https:\/\/fonds-maisonbernard.com\/fr\/wp-json\/wp\/v2\/pages\/38","targetHints":{"allow":["GET"]}}],"collection":[{"href":"https:\/\/fonds-maisonbernard.com\/fr\/wp-json\/wp\/v2\/pages"}],"about":[{"href":"https:\/\/fonds-maisonbernard.com\/fr\/wp-json\/wp\/v2\/types\/page"}],"author":[{"embeddable":true,"href":"https:\/\/fonds-maisonbernard.com\/fr\/wp-json\/wp\/v2\/users\/4"}],"replies":[{"embeddable":true,"href":"https:\/\/fonds-maisonbernard.com\/fr\/wp-json\/wp\/v2\/comments?post=38"}],"version-history":[{"count":91,"href":"https:\/\/fonds-maisonbernard.com\/fr\/wp-json\/wp\/v2\/pages\/38\/revisions"}],"predecessor-version":[{"id":1655,"href":"https:\/\/fonds-maisonbernard.com\/fr\/wp-json\/wp\/v2\/pages\/38\/revisions\/1655"}],"wp:featuredmedia":[{"embeddable":true,"href":"https:\/\/fonds-maisonbernard.com\/fr\/wp-json\/wp\/v2\/media\/1043"}],"wp:attachment":[{"href":"https:\/\/fonds-maisonbernard.com\/fr\/wp-json\/wp\/v2\/media?parent=38"}],"curies":[{"name":"wp","href":"https:\/\/api.w.org\/{rel}","templated":true}]}}