{"id":36,"date":"2014-04-03T12:44:35","date_gmt":"2014-04-03T10:44:35","guid":{"rendered":"https:\/\/localhost\/Maison%20Bernard\/www\/?page_id=36"},"modified":"2022-11-28T14:54:02","modified_gmt":"2022-11-28T13:54:02","slug":"art-in-progress","status":"publish","type":"page","link":"https:\/\/fonds-maisonbernard.com\/fr\/art-in-progress\/","title":{"rendered":"Art in progress"},"content":{"rendered":"<p><!--[col type=\"50_1\"]\n\n\n<div class=\"content-justify\">\n\n\n<h1>work in progress<\/h1>\n\n\n\n\n<h2>les artistes de la r\u00e9sidence<\/h2>\n\n\n\n\n<h4>Apr\u00e8s une r\u00e9cente r\u00e9novation, la r\u00e9sidence d'artiste du fonds de dotation Maison Bernard est maintenant ouverte et pr\u00eate \u00e0 recevoir les propositions des artistes d\u00e8s l'hiver 2014\/2015.<\/h4>\n\n\nCette rubrique \u201c Work in progress \u201d sera d\u00e9di\u00e9e \u00e0 pr\u00e9senter les artistes re\u00e7us en r\u00e9sidence, ainsi qu\u2019\u00e0 exposer leur(s) oeuvre(s) et leur processus au terme de leur r\u00e9sidence.\n&nbsp;<a href=\"#\" class=\"email_residence\" title=\"S\u2019inscrire pour la r\u00e9sidence\">S\u2019inscrire pour la r\u00e9sidence<\/a>\n\n<\/div>\n\n\n[\/col]\n[col type=\"50_2\"]\n\n\n<div class=\"content-right\">\n\n\n<h2>adresse<\/h2>\n\n\nMaison Bernard, Port-la-Gal\u00e8re\n06590 Th\u00e9oule-sur-Mer, FRANCE\n&nbsp;\n\n\n<h2>contact<\/h2>\n\n\n<a href=\"#\" class=\"email_residence\" >residence[at]fonds-maisonbernard.com<\/a><\/div>\n\n\n&nbsp;\n[\/col]--><\/p>","protected":false},"excerpt":{"rendered":"","protected":false},"author":4,"featured_media":1531,"parent":0,"menu_order":0,"comment_status":"closed","ping_status":"closed","template":"template-workInProgress.php","meta":{"footnotes":""},"class_list":["post-36","page","type-page","status-publish","has-post-thumbnail","hentry"],"yoast_head":"<!-- This site is optimized with the Yoast SEO plugin v26.9 - https:\/\/yoast.com\/product\/yoast-seo-wordpress\/ -->\n<title>Art in Progress - La Maison Bernard<\/title>\n<meta name=\"description\" content=\"Art in Progress pr\u00e9sente les oeuvres r\u00e9alis\u00e9es au sein de la Maison Bernard par les artistes accueillis en r\u00e9sidence.\" \/>\n<meta name=\"robots\" content=\"index, follow, max-snippet:-1, max-image-preview:large, max-video-preview:-1\" \/>\n<link rel=\"canonical\" href=\"https:\/\/fonds-maisonbernard.com\/art-in-progress\/\" \/>\n<meta name=\"twitter:label1\" content=\"Dur\u00e9e de lecture estim\u00e9e\" \/>\n\t<meta name=\"twitter:data1\" content=\"1 minute\" \/>\n<script type=\"application\/ld+json\" class=\"yoast-schema-graph\">{\"@context\":\"https:\/\/schema.org\",\"@graph\":[{\"@type\":\"WebPage\",\"@id\":\"https:\/\/fonds-maisonbernard.com\/fr\/art-in-progress\/\",\"url\":\"https:\/\/fonds-maisonbernard.com\/art-in-progress\/\",\"name\":\"[:fr]Art in Progress - La Maison Bernard[:en]Art in Progress - The Maison Bernard[:]\",\"isPartOf\":{\"@id\":\"https:\/\/fonds-maisonbernard.com\/fr\/#website\"},\"primaryImageOfPage\":{\"@id\":\"https:\/\/fonds-maisonbernard.com\/art-in-progress\/#primaryimage\"},\"image\":{\"@id\":\"https:\/\/fonds-maisonbernard.com\/art-in-progress\/#primaryimage\"},\"thumbnailUrl\":\"https:\/\/fonds-maisonbernard.com\/wp-content\/uploads\/2022\/11\/maison-bernard-susanna-fritscher-une.jpg\",\"datePublished\":\"2014-04-03T10:44:35+00:00\",\"dateModified\":\"2022-11-28T13:54:02+00:00\",\"description\":\"{:fr}Art in Progress pr\u00e9sente les oeuvres r\u00e9alis\u00e9es au sein de la Maison Bernard par les artistes accueillis en r\u00e9sidence.{:en}Art in Progress introduces the works realized in the Maison Bernard by artists during their residence. They are classified by year, art and media.{:}\",\"breadcrumb\":{\"@id\":\"https:\/\/fonds-maisonbernard.com\/art-in-progress\/#breadcrumb\"},\"inLanguage\":\"fr-FR\",\"potentialAction\":[{\"@type\":\"ReadAction\",\"target\":[\"https:\/\/fonds-maisonbernard.com\/art-in-progress\/\"]}]},{\"@type\":\"ImageObject\",\"inLanguage\":\"fr-FR\",\"@id\":\"https:\/\/fonds-maisonbernard.com\/art-in-progress\/#primaryimage\",\"url\":\"https:\/\/fonds-maisonbernard.com\/wp-content\/uploads\/2022\/11\/maison-bernard-susanna-fritscher-une.jpg\",\"contentUrl\":\"https:\/\/fonds-maisonbernard.com\/wp-content\/uploads\/2022\/11\/maison-bernard-susanna-fritscher-une.jpg\",\"width\":768,\"height\":345},{\"@type\":\"BreadcrumbList\",\"@id\":\"https:\/\/fonds-maisonbernard.com\/art-in-progress\/#breadcrumb\",\"itemListElement\":[{\"@type\":\"ListItem\",\"position\":1,\"name\":\"Accueil\",\"item\":\"https:\/\/fonds-maisonbernard.com\/fr\/\"},{\"@type\":\"ListItem\",\"position\":2,\"name\":\"Art in progress\"}]},{\"@type\":\"WebSite\",\"@id\":\"https:\/\/fonds-maisonbernard.com\/fr\/#website\",\"url\":\"https:\/\/fonds-maisonbernard.com\/fr\/\",\"name\":\"La Maison Bernard\",\"description\":\"\",\"potentialAction\":[{\"@type\":\"SearchAction\",\"target\":{\"@type\":\"EntryPoint\",\"urlTemplate\":\"https:\/\/fonds-maisonbernard.com\/fr\/?s={search_term_string}\"},\"query-input\":{\"@type\":\"PropertyValueSpecification\",\"valueRequired\":true,\"valueName\":\"search_term_string\"}}],\"inLanguage\":\"fr-FR\"}]}<\/script>\n<!-- \/ Yoast SEO plugin. -->","yoast_head_json":{"title":"Art in Progress - La Maison Bernard","description":"Art in Progress pr\u00e9sente les oeuvres r\u00e9alis\u00e9es au sein de la Maison Bernard par les artistes accueillis en r\u00e9sidence.","robots":{"index":"index","follow":"follow","max-snippet":"max-snippet:-1","max-image-preview":"max-image-preview:large","max-video-preview":"max-video-preview:-1"},"canonical":"https:\/\/fonds-maisonbernard.com\/art-in-progress\/","twitter_misc":{"Dur\u00e9e de lecture estim\u00e9e":"1 minute"},"schema":{"@context":"https:\/\/schema.org","@graph":[{"@type":"WebPage","@id":"https:\/\/fonds-maisonbernard.com\/fr\/art-in-progress\/","url":"https:\/\/fonds-maisonbernard.com\/art-in-progress\/","name":"[:fr]Art in Progress - La Maison Bernard[:en]Art in Progress - The Maison Bernard[:]","isPartOf":{"@id":"https:\/\/fonds-maisonbernard.com\/fr\/#website"},"primaryImageOfPage":{"@id":"https:\/\/fonds-maisonbernard.com\/art-in-progress\/#primaryimage"},"image":{"@id":"https:\/\/fonds-maisonbernard.com\/art-in-progress\/#primaryimage"},"thumbnailUrl":"https:\/\/fonds-maisonbernard.com\/wp-content\/uploads\/2022\/11\/maison-bernard-susanna-fritscher-une.jpg","datePublished":"2014-04-03T10:44:35+00:00","dateModified":"2022-11-28T13:54:02+00:00","description":"{:fr}Art in Progress pr\u00e9sente les oeuvres r\u00e9alis\u00e9es au sein de la Maison Bernard par les artistes accueillis en r\u00e9sidence.{:en}Art in Progress introduces the works realized in the Maison Bernard by artists during their residence. They are classified by year, art and media.{:}","breadcrumb":{"@id":"https:\/\/fonds-maisonbernard.com\/art-in-progress\/#breadcrumb"},"inLanguage":"fr-FR","potentialAction":[{"@type":"ReadAction","target":["https:\/\/fonds-maisonbernard.com\/art-in-progress\/"]}]},{"@type":"ImageObject","inLanguage":"fr-FR","@id":"https:\/\/fonds-maisonbernard.com\/art-in-progress\/#primaryimage","url":"https:\/\/fonds-maisonbernard.com\/wp-content\/uploads\/2022\/11\/maison-bernard-susanna-fritscher-une.jpg","contentUrl":"https:\/\/fonds-maisonbernard.com\/wp-content\/uploads\/2022\/11\/maison-bernard-susanna-fritscher-une.jpg","width":768,"height":345},{"@type":"BreadcrumbList","@id":"https:\/\/fonds-maisonbernard.com\/art-in-progress\/#breadcrumb","itemListElement":[{"@type":"ListItem","position":1,"name":"Accueil","item":"https:\/\/fonds-maisonbernard.com\/fr\/"},{"@type":"ListItem","position":2,"name":"Art in progress"}]},{"@type":"WebSite","@id":"https:\/\/fonds-maisonbernard.com\/fr\/#website","url":"https:\/\/fonds-maisonbernard.com\/fr\/","name":"La Maison Bernard","description":"","potentialAction":[{"@type":"SearchAction","target":{"@type":"EntryPoint","urlTemplate":"https:\/\/fonds-maisonbernard.com\/fr\/?s={search_term_string}"},"query-input":{"@type":"PropertyValueSpecification","valueRequired":true,"valueName":"search_term_string"}}],"inLanguage":"fr-FR"}]}},"_links":{"self":[{"href":"https:\/\/fonds-maisonbernard.com\/fr\/wp-json\/wp\/v2\/pages\/36","targetHints":{"allow":["GET"]}}],"collection":[{"href":"https:\/\/fonds-maisonbernard.com\/fr\/wp-json\/wp\/v2\/pages"}],"about":[{"href":"https:\/\/fonds-maisonbernard.com\/fr\/wp-json\/wp\/v2\/types\/page"}],"author":[{"embeddable":true,"href":"https:\/\/fonds-maisonbernard.com\/fr\/wp-json\/wp\/v2\/users\/4"}],"replies":[{"embeddable":true,"href":"https:\/\/fonds-maisonbernard.com\/fr\/wp-json\/wp\/v2\/comments?post=36"}],"version-history":[{"count":5,"href":"https:\/\/fonds-maisonbernard.com\/fr\/wp-json\/wp\/v2\/pages\/36\/revisions"}],"predecessor-version":[{"id":1533,"href":"https:\/\/fonds-maisonbernard.com\/fr\/wp-json\/wp\/v2\/pages\/36\/revisions\/1533"}],"wp:featuredmedia":[{"embeddable":true,"href":"https:\/\/fonds-maisonbernard.com\/fr\/wp-json\/wp\/v2\/media\/1531"}],"wp:attachment":[{"href":"https:\/\/fonds-maisonbernard.com\/fr\/wp-json\/wp\/v2\/media?parent=36"}],"curies":[{"name":"wp","href":"https:\/\/api.w.org\/{rel}","templated":true}]}}