{"id":34,"date":"2014-04-02T18:45:16","date_gmt":"2014-04-02T16:45:16","guid":{"rendered":"https:\/\/localhost\/Maison%20Bernard\/www\/?page_id=34"},"modified":"2022-11-28T15:33:25","modified_gmt":"2022-11-28T14:33:25","slug":"presentation","status":"publish","type":"page","link":"https:\/\/fonds-maisonbernard.com\/fr\/la-residence-d-artiste\/","title":{"rendered":"Pr\u00e9sentation"},"content":{"rendered":"<p><div class=\"col50_1\"><\/p>\n<div class=\"content-justify\">\n<h1>la cr\u00e9ation<\/h1>\n<h2>de la r\u00e9sidence d&rsquo;artistes<\/h2>\n<h4>Pour demeurer un lieu ouvert \u00e0 la cr\u00e9ation, le fonds de dotation Maison Bernard accueille chaque ann\u00e9e un artiste en r\u00e9sidence pour une dur\u00e9e maximum de six mois. L\u2019artiste s\u00e9lectionn\u00e9 doit cr\u00e9er une oeuvre originale en relation avec l\u2019architecture de la maison et son environnement naturel.<\/h4>\n<p>Les artistes re\u00e7oivent une bourse et disposent d\u2019un logement\/atelier ind\u00e9pendant cr\u00e9e dans les ann\u00e9es 70 par Antti Lovag pour son propre usage. Ce logement\/atelier, r\u00e9nov\u00e9 au printemps 2014, offre un espace d\u2019environ 90m2 qui s\u2019ouvre directement sur la mer.<br \/>\nLes artistes peuvent \u00e9galement b\u00e9n\u00e9ficier d\u2019un espace r\u00e9serv\u00e9 \u00e0 la fabrication des oeuvres. Au terme de la r\u00e9sidence, l\u2019artiste s\u00e9lectionn\u00e9 devra avoir r\u00e9alis\u00e9 son projet.<br \/>\n&nbsp;<br \/>\n<a class=\"email_visite\" title=\"S\u2019inscrire pour la visite\" href=\"#\">S\u2019inscrire pour la r\u00e9sidence<\/a><br \/>\n&nbsp;<\/p>\n<div style=\"position: relative;\"><img decoding=\"async\" src=\"https:\/\/fonds-maisonbernard.com\/wp-content\/uploads\/2014\/04\/MB-fonds-de-dotations.jpg\" alt=\"MB-fonds-de-dotations\"><img decoding=\"async\" class=\"copyrights_post\" src=\"https:\/\/fonds-maisonbernard.com\/wp-content\/themes\/maisonbernard\/img\/spacer.gif\" alt=\"\"><\/div>\n<\/div>\n<p><\/div><br \/>\n<div class=\"col50_2\"><\/p>\n<div class=\"content-right\">\n<h2>adresse<\/h2>\n<p>Maison Bernard, Port-la-Gal\u00e8re<br \/>\n06590 Th\u00e9oule-sur-Mer, France<br \/>\n&nbsp;<\/p>\n<h2>contact<\/h2>\n<p><a class=\"email_residence\" title=\"Contacter la r\u00e9sidence\" href=\"#\">residence[at]fonds-maisonbernard.com<\/a><\/p>\n<\/div>\n<div class=\"content-justify\">\n<div style=\"position:relative;width:100%;height:100%;margin-top:30px;margin-bottom:30px;\"><a href=\"#\" class=\"btn_shadow_box residence\"><div class=\"play-button-wrapper\"><span class=\"play-button\"><\/span><\/div><img decoding=\"async\" src=\"https:\/\/fonds-maisonbernard.com\/wp-content\/uploads\/2014\/07\/01_DSC5335.jpg\" alt=\"Residence\"><\/a><\/div> \n\t\t<div class=\"shadow_box residence\"\n\t\t\tdata-cycle-timeout=5000\n\t\t\tdata-cycle-loader=wait\n\t\t\tdata-cycle-progressive=\"#queue_residence\"\n\t\t\tdata-cycle-center-horz=true\n\t\t\tdata-cycle-center-vert=true\n\t\t\tdata-cycle-swipe=true\n\t\t\tdata-cycle-swipe-fx=scrollHorz\n\t\t\tdata-cycle-log='false'\n\t\t\tdata-cycle-auto-height=calc><img decoding=\"async\" src=\"https:\/\/fonds-maisonbernard.com\/wp-content\/uploads\/2014\/07\/01_DSC5335.jpg\" alt=\"Residence\"><script id=\"queue_residence\" type=\"text\/cycle\"><img decoding=\"async\" src=\"https:\/\/fonds-maisonbernard.com\/wp-content\/uploads\/2014\/07\/03_DSC5318.jpg\" alt=\"Residence\"><img decoding=\"async\" src=\"https:\/\/fonds-maisonbernard.com\/wp-content\/uploads\/2014\/07\/04_DSC5413.jpg\" alt=\"Residence\"><img decoding=\"async\" src=\"https:\/\/fonds-maisonbernard.com\/wp-content\/uploads\/2014\/07\/05_DSC5424b.jpg\"><img decoding=\"async\" src=\"https:\/\/fonds-maisonbernard.com\/wp-content\/uploads\/2014\/07\/06_DSC5260.jpg\" alt=\"Residence\"><img decoding=\"async\" src=\"https:\/\/fonds-maisonbernard.com\/wp-content\/uploads\/2014\/07\/08_DSC5718b\u00a9YGellie.jpg\" alt=\"Residence\"><\/script> \n\t\t\t\n\t\t\t<a href=\"#\" class='shadow_box_close'><img decoding=\"async\" src=\"https:\/\/fonds-maisonbernard.com\/wp-content\/themes\/maisonbernard\/img\/visite\/MB-btn-close.png\"  alt=\"Maison Bernard\" \/><\/a>\n\t\t\t\n\t\t\t<div style='position:absolute;\n\t\t\t\t\t\ttop:0;\n\t\t\t\t\t\tleft:0;\n\t\t\t\t\t\tmargin:0 auto;\n\t\t\t\t\t\twidth:100%;\n\t\t\t\t\t\theight:100%;\n\t\t\t\t\t\tbackground:url(\"https:\/\/fonds-maisonbernard.com\/wp-content\/themes\/maisonbernard\/img\/spacer.gif\") center center no-repeat ;\n\t\t\t\t\t\tz-index:1000;\n\t\t\t'>\n\t\t\t\t<img src='https:\/\/fonds-maisonbernard.com\/wp-content\/themes\/maisonbernard\/img\/spacer.gif' width=100%  style='margin:0;max-width:100%;' alt='' title=''\/>\n\t\t\t<\/div><div class=\"cycle-prev\"><a href=\"#\"><img decoding=\"async\" id='shadow_box_prev' src=\"https:\/\/fonds-maisonbernard.com\/wp-content\/themes\/maisonbernard\/img\/visite\/MB-btn-left.png\" width=24px height=48px \/><\/a><\/div><div class=\"cycle-next\"><a href=\"#\"><img decoding=\"async\" id='shadow_box_next' src=\"https:\/\/fonds-maisonbernard.com\/wp-content\/themes\/maisonbernard\/img\/visite\/MB-btn-right.png\" width=24px height=48px \/><\/a><\/div><\/div>\n<h1>les modalit\u00e9s<\/h1>\n<h2>de la r\u00e9sidence d\u2019artistes<\/h2>\n<h4>La r\u00e9sidence est ouverte aux artistes de toutes nationalit\u00e9s et venant de tous les horizons des arts plastiques (vid\u00e9o, son, lumi\u00e8re, sculpture, land art, green art,&#8230;).<\/h4>\n<p>Le contenu et la forme artistique des projets sont libres dans la mesure o\u00f9 ils sont en ad\u00e9quation avec l\u2019architecture du lieu. Les oeuvres cr\u00e9\u00e9es sont destin\u00e9es \u00e0 \u00eatre pr\u00e9sent\u00e9es in situ.<\/p>\n<\/div>\n<p><\/div><\/p>","protected":false},"excerpt":{"rendered":"","protected":false},"author":4,"featured_media":597,"parent":0,"menu_order":0,"comment_status":"closed","ping_status":"closed","template":"template-page.php","meta":{"footnotes":""},"class_list":["post-34","page","type-page","status-publish","has-post-thumbnail","hentry"],"yoast_head":"<!-- This site is optimized with the Yoast SEO plugin v26.9 - https:\/\/yoast.com\/product\/yoast-seo-wordpress\/ -->\n<title>La r\u00e9sidence d&#039;artiste - La Maison Bernard<\/title>\n<meta name=\"description\" content=\"La Maison Bernard accueille chaque ann\u00e9e un artiste en r\u00e9sidence. L\u2019artiste cr\u00e9e une oeuvre originale en relation avec l\u2019architecture et son environnement.\" \/>\n<meta name=\"robots\" content=\"index, follow, max-snippet:-1, max-image-preview:large, max-video-preview:-1\" \/>\n<link rel=\"canonical\" href=\"https:\/\/fonds-maisonbernard.com\/fr\/presentation\/\" \/>\n<meta name=\"twitter:label1\" content=\"Dur\u00e9e de lecture estim\u00e9e\" \/>\n\t<meta name=\"twitter:data1\" content=\"6 minutes\" \/>\n<script type=\"application\/ld+json\" class=\"yoast-schema-graph\">{\"@context\":\"https:\/\/schema.org\",\"@graph\":[{\"@type\":\"WebPage\",\"@id\":\"https:\/\/fonds-maisonbernard.com\/fr\/la-residence-d-artiste\/\",\"url\":\"https:\/\/fonds-maisonbernard.com\/fr\/presentation\/\",\"name\":\"[:fr]La r\u00e9sidence d'artiste - La Maison Bernard[:en]The artist residence - The Maison Bernard[:]\",\"isPartOf\":{\"@id\":\"https:\/\/fonds-maisonbernard.com\/fr\/#website\"},\"primaryImageOfPage\":{\"@id\":\"https:\/\/fonds-maisonbernard.com\/fr\/presentation\/#primaryimage\"},\"image\":{\"@id\":\"https:\/\/fonds-maisonbernard.com\/fr\/presentation\/#primaryimage\"},\"thumbnailUrl\":\"https:\/\/fonds-maisonbernard.com\/wp-content\/uploads\/2014\/04\/MB-residence_artiste.jpg\",\"datePublished\":\"2014-04-02T16:45:16+00:00\",\"dateModified\":\"2022-11-28T14:33:25+00:00\",\"description\":\"{:fr}La Maison Bernard accueille chaque ann\u00e9e un artiste en r\u00e9sidence. L\u2019artiste cr\u00e9e une oeuvre originale en relation avec l\u2019architecture et son environnement.{:en}The Maison Bernard hosts each year an artist in residence. The artist creates an original work in relation to the house architecture and its environment.{:}\",\"breadcrumb\":{\"@id\":\"https:\/\/fonds-maisonbernard.com\/fr\/presentation\/#breadcrumb\"},\"inLanguage\":\"fr-FR\",\"potentialAction\":[{\"@type\":\"ReadAction\",\"target\":[\"https:\/\/fonds-maisonbernard.com\/fr\/presentation\/\"]}]},{\"@type\":\"ImageObject\",\"inLanguage\":\"fr-FR\",\"@id\":\"https:\/\/fonds-maisonbernard.com\/fr\/presentation\/#primaryimage\",\"url\":\"https:\/\/fonds-maisonbernard.com\/wp-content\/uploads\/2014\/04\/MB-residence_artiste.jpg\",\"contentUrl\":\"https:\/\/fonds-maisonbernard.com\/wp-content\/uploads\/2014\/04\/MB-residence_artiste.jpg\",\"width\":768,\"height\":345,\"caption\":\"MB-residence_artiste\"},{\"@type\":\"BreadcrumbList\",\"@id\":\"https:\/\/fonds-maisonbernard.com\/fr\/presentation\/#breadcrumb\",\"itemListElement\":[{\"@type\":\"ListItem\",\"position\":1,\"name\":\"Accueil\",\"item\":\"https:\/\/fonds-maisonbernard.com\/fr\/\"},{\"@type\":\"ListItem\",\"position\":2,\"name\":\"[:fr]Pr\u00e9sentation[:en]Introduction[:]\"}]},{\"@type\":\"WebSite\",\"@id\":\"https:\/\/fonds-maisonbernard.com\/fr\/#website\",\"url\":\"https:\/\/fonds-maisonbernard.com\/fr\/\",\"name\":\"La Maison Bernard\",\"description\":\"\",\"potentialAction\":[{\"@type\":\"SearchAction\",\"target\":{\"@type\":\"EntryPoint\",\"urlTemplate\":\"https:\/\/fonds-maisonbernard.com\/fr\/?s={search_term_string}\"},\"query-input\":{\"@type\":\"PropertyValueSpecification\",\"valueRequired\":true,\"valueName\":\"search_term_string\"}}],\"inLanguage\":\"fr-FR\"}]}<\/script>\n<!-- \/ Yoast SEO plugin. -->","yoast_head_json":{"title":"La r\u00e9sidence d'artiste - La Maison Bernard","description":"La Maison Bernard accueille chaque ann\u00e9e un artiste en r\u00e9sidence. L\u2019artiste cr\u00e9e une oeuvre originale en relation avec l\u2019architecture et son environnement.","robots":{"index":"index","follow":"follow","max-snippet":"max-snippet:-1","max-image-preview":"max-image-preview:large","max-video-preview":"max-video-preview:-1"},"canonical":"https:\/\/fonds-maisonbernard.com\/fr\/presentation\/","twitter_misc":{"Dur\u00e9e de lecture estim\u00e9e":"6 minutes"},"schema":{"@context":"https:\/\/schema.org","@graph":[{"@type":"WebPage","@id":"https:\/\/fonds-maisonbernard.com\/fr\/la-residence-d-artiste\/","url":"https:\/\/fonds-maisonbernard.com\/fr\/presentation\/","name":"[:fr]La r\u00e9sidence d'artiste - La Maison Bernard[:en]The artist residence - The Maison Bernard[:]","isPartOf":{"@id":"https:\/\/fonds-maisonbernard.com\/fr\/#website"},"primaryImageOfPage":{"@id":"https:\/\/fonds-maisonbernard.com\/fr\/presentation\/#primaryimage"},"image":{"@id":"https:\/\/fonds-maisonbernard.com\/fr\/presentation\/#primaryimage"},"thumbnailUrl":"https:\/\/fonds-maisonbernard.com\/wp-content\/uploads\/2014\/04\/MB-residence_artiste.jpg","datePublished":"2014-04-02T16:45:16+00:00","dateModified":"2022-11-28T14:33:25+00:00","description":"{:fr}La Maison Bernard accueille chaque ann\u00e9e un artiste en r\u00e9sidence. L\u2019artiste cr\u00e9e une oeuvre originale en relation avec l\u2019architecture et son environnement.{:en}The Maison Bernard hosts each year an artist in residence. The artist creates an original work in relation to the house architecture and its environment.{:}","breadcrumb":{"@id":"https:\/\/fonds-maisonbernard.com\/fr\/presentation\/#breadcrumb"},"inLanguage":"fr-FR","potentialAction":[{"@type":"ReadAction","target":["https:\/\/fonds-maisonbernard.com\/fr\/presentation\/"]}]},{"@type":"ImageObject","inLanguage":"fr-FR","@id":"https:\/\/fonds-maisonbernard.com\/fr\/presentation\/#primaryimage","url":"https:\/\/fonds-maisonbernard.com\/wp-content\/uploads\/2014\/04\/MB-residence_artiste.jpg","contentUrl":"https:\/\/fonds-maisonbernard.com\/wp-content\/uploads\/2014\/04\/MB-residence_artiste.jpg","width":768,"height":345,"caption":"MB-residence_artiste"},{"@type":"BreadcrumbList","@id":"https:\/\/fonds-maisonbernard.com\/fr\/presentation\/#breadcrumb","itemListElement":[{"@type":"ListItem","position":1,"name":"Accueil","item":"https:\/\/fonds-maisonbernard.com\/fr\/"},{"@type":"ListItem","position":2,"name":"[:fr]Pr\u00e9sentation[:en]Introduction[:]"}]},{"@type":"WebSite","@id":"https:\/\/fonds-maisonbernard.com\/fr\/#website","url":"https:\/\/fonds-maisonbernard.com\/fr\/","name":"La Maison Bernard","description":"","potentialAction":[{"@type":"SearchAction","target":{"@type":"EntryPoint","urlTemplate":"https:\/\/fonds-maisonbernard.com\/fr\/?s={search_term_string}"},"query-input":{"@type":"PropertyValueSpecification","valueRequired":true,"valueName":"search_term_string"}}],"inLanguage":"fr-FR"}]}},"_links":{"self":[{"href":"https:\/\/fonds-maisonbernard.com\/fr\/wp-json\/wp\/v2\/pages\/34","targetHints":{"allow":["GET"]}}],"collection":[{"href":"https:\/\/fonds-maisonbernard.com\/fr\/wp-json\/wp\/v2\/pages"}],"about":[{"href":"https:\/\/fonds-maisonbernard.com\/fr\/wp-json\/wp\/v2\/types\/page"}],"author":[{"embeddable":true,"href":"https:\/\/fonds-maisonbernard.com\/fr\/wp-json\/wp\/v2\/users\/4"}],"replies":[{"embeddable":true,"href":"https:\/\/fonds-maisonbernard.com\/fr\/wp-json\/wp\/v2\/comments?post=34"}],"version-history":[{"count":18,"href":"https:\/\/fonds-maisonbernard.com\/fr\/wp-json\/wp\/v2\/pages\/34\/revisions"}],"predecessor-version":[{"id":1438,"href":"https:\/\/fonds-maisonbernard.com\/fr\/wp-json\/wp\/v2\/pages\/34\/revisions\/1438"}],"wp:featuredmedia":[{"embeddable":true,"href":"https:\/\/fonds-maisonbernard.com\/fr\/wp-json\/wp\/v2\/media\/597"}],"wp:attachment":[{"href":"https:\/\/fonds-maisonbernard.com\/fr\/wp-json\/wp\/v2\/media?parent=34"}],"curies":[{"name":"wp","href":"https:\/\/api.w.org\/{rel}","templated":true}]}}