{"id":24,"date":"2014-04-03T18:15:45","date_gmt":"2014-04-03T16:15:45","guid":{"rendered":"https:\/\/localhost\/Maison%20Bernard\/www\/?page_id=24"},"modified":"2022-11-04T11:24:22","modified_gmt":"2022-11-04T10:24:22","slug":"the-endowment-fund","status":"publish","type":"page","link":"https:\/\/fonds-maisonbernard.com\/fr\/le-fonds-de-dotation\/","title":{"rendered":"Le fonds de dotation"},"content":{"rendered":"<p><div class=\"col50_1\"><\/p>\n<div class=\"content-justify\">\n<h1>la cr\u00e9ation<\/h1>\n<h2>du fonds de dotation<\/h2>\n<h4>Nous avons souhait\u00e9 cr\u00e9er un fonds de dotation autour de la Maison Bernard pour poursuivre une longue aventure qui a abouti \u00e0 la cr\u00e9ation d\u2019une architecture ayant marqu\u00e9 la deuxi\u00e8me moiti\u00e9 du XX\u00e8me si\u00e8cle.<\/h4>\n<p>Cette aventure est n\u00e9e de la rencontre en 1969 entre deux hommes, <a title=\"Antti Lovag et Pierre Bernard\" href=\"https:\/\/fonds-maisonbernard.com\/fr\/les-acteurs-de-la-maison\/antti-lovag-pierre-bernard\/\">Antti Lovag et Pierre Bernard<\/a>, l\u2019un et l\u2019autre personnalit\u00e9s libres et anticonformistes. Antti Lovag est un iconoclaste qui a d\u00e9velopp\u00e9 une conception originale de l\u2019architecture centr\u00e9e sur l\u2019homme, son espace de vie et ses besoins.<br \/>\nEn d\u00e9coulent ses conceptions radicales sur le cercle qui structure le comportement de l\u2019homme et la bulle comme enveloppe autour des ses besoins. C\u2019est encore un architecte atypique dans la mesure o\u00f9 il vit sur son chantier du d\u00e9but jusqu\u2019\u00e0 la fin pour en exp\u00e9rimenter l\u2019implantation en fonction du terrain, du paysage, de la lumi\u00e8re. Pierre Bernard est curieux du monde et de ses innovations. Il s\u2019est d\u2019abord investi dans l\u2019automobile et y a d\u00e9velopp\u00e9 une entreprise qui est aujourd\u2019hui devenue le deuxi\u00e8me groupe de distribution automobile en France.<br \/>\nPendant plus de vingt ans, ils ont nou\u00e9 une amiti\u00e9 et une complicit\u00e9 qui leur a permis de b\u00e2tir ensemble une oeuvre architecturale originale sans autre imp\u00e9ratif que celui d\u2019une aventure commune. L\u2019aventure est d\u2019ailleurs le seul programme d\u2019Antti Lovag. Avant de se lancer dans un chantier, il fixe ses r\u00e8gles: \u201cje ne sais pas combien de temps cela va durer, je ne sais pas ce que cela va \u00eatre et je ne sais pas ce que cela va co\u00fbter.\u201d<br \/>\nApr\u00e8s la disparition de notre p\u00e8re, s\u2019est pos\u00e9e la question du devenir de la maison. Face \u00e0 cette r\u00e9alisation, il nous appartenait d\u2019abord de relever le d\u00e9fi, de poursuivre l\u2019aventure \u00e0 notre fa\u00e7on. Le premier objectif est de p\u00e9renniser leur oeuvre, l\u2019ouvrir au public et faciliter l\u2019\u00e9tude de l\u2019architecture d\u2019Antti Lovag. Le deuxi\u00e8me objectif est de conserver l\u2019identit\u00e9 de la maison et faire en sorte qu\u2019elle reste un lieu de cr\u00e9ation.<br \/>\nC\u2019est la raison qui nous a conduit \u00e0 ouvrir une r\u00e9sidence pour y accueillir chaque ann\u00e9e un artiste invit\u00e9 \u00e0 cr\u00e9er une oeuvre en relation avec l\u2019architecture de la maison et son environnement.<br \/>\n&nbsp;<br \/>\nIsabelle &amp; Jean-Patrice Bernard<br \/>\n&nbsp;<\/p>\n<div style=\"position: relative;\"><img decoding=\"async\" src=\"https:\/\/fonds-maisonbernard.com\/wp-content\/uploads\/2014\/04\/MB-fonds-de-dotations.jpg\" alt=\"MB-fonds-de-dotations\"><img decoding=\"async\" class=\"copyrights_post\" src=\"https:\/\/fonds-maisonbernard.com\/wp-content\/themes\/maisonbernard\/img\/spacer.gif\" alt=\"\"><\/div>\n<\/div>\n<p><\/div><br \/>\n<div class=\"col50_2\"><\/p>\n<div class=\"content-right\">\n<h2>adresse<\/h2>\n<p>Fonds de dotation Maison Bernard<br \/>\n21 rue Soufflot, 75005 Paris, France<\/p>\n<p>&nbsp;<\/p>\n<h2>contact<\/h2>\n<p><a class=\"email_infos\" title=\"Contacter le fonds de dotation\" href=\"#\">infos[at]fonds-maisonbernard.com<\/a><\/p>\n<\/div>\n<div class=\"content-justify\">\n&nbsp;<br \/>\n<iframe loading=\"lazy\" src=\"\/\/player.vimeo.com\/video\/100094625?title=0&amp;byline=0&amp;portrait=0&amp;color=ffffff\" width=\"600\" height=\"388\" frameborder=\"0\" allowfullscreen=\"allowfullscreen\"><\/iframe><br \/>\n&nbsp;<\/p>\n<h1>les missions<\/h1>\n<h2>du fonds de dotation<\/h2>\n<h4>Le fonds de dotation Maison Bernard a pour objet la protection et la p\u00e9rennisation de l\u2019\u0153uvre architecturale de Antti Lovag r\u00e9alis\u00e9e avec Pierre Bernard \u00e0 Th\u00e9oule sur Mer au cours des ann\u00e9es 1970.<\/h4>\n<p>Con\u00e7ue \u00e0 l\u2019origine pour une demeure familiale, cette maison est aujourd\u2019hui l\u2019un des exemples les plus aboutis d\u2019architecture organique o\u00f9 Antti Lovag a pu exp\u00e9rimenter ses conceptions les plus novatrices de l\u2019habitat. Pour r\u00e9pondre aux besoins de l\u2019homme, cette architecture assemble des espaces sph\u00e9riques qui s\u2019adaptent au site d\u2019implantation en int\u00e9grant la nature environnante et r\u00e9pondent aux aspirations de ses habitants en d\u00e9passant les stricts n\u00e9cessit\u00e9s rationnelles.<\/p>\n<p>Le fonds de dotation Maison Bernard a aussi pour objet la promotion et l\u2019accessibilit\u00e9 au public de l\u2019\u0153uvre de Antti Lovag. La maison est d\u00e9sormais ouverte <a title=\"Visiter la maison\" href=\"https:\/\/fonds-maisonbernard.com\/fr\/visiter-la-maison\/\">sur rendez-vous<\/a> tous les mardis d\u2019octobre \u00e0 avril. Les visites sont limit\u00e9es \u00e0 des groupes de huit personnes.<\/p>\n<p>Le fonds de dotation Maison Bernard accueille \u00e9galement chaque ann\u00e9e un artiste en r\u00e9sidence. L\u2019artiste s\u00e9lectionn\u00e9 doit r\u00e9aliser une oeuvre originale en ad\u00e9quation avec l\u2019architecture de la maison et son environnement. Les oeuvres sont destin\u00e9es \u00e0 \u00eatre pr\u00e9sent\u00e9es \u201cin situ\u201d de fa\u00e7on permanente. Pour plus d\u2019informations, contactez <a class=\"email_residence\" title=\"Contacter la r\u00e9sidence\" href=\"#\">residence[at]fonds-maisonbernard.com<\/a>.<\/p>\n<\/div>\n<p>&nbsp;<br \/>\n<\/div><\/p>","protected":false},"excerpt":{"rendered":"","protected":false},"author":4,"featured_media":593,"parent":0,"menu_order":0,"comment_status":"closed","ping_status":"closed","template":"template-page.php","meta":{"footnotes":""},"class_list":["post-24","page","type-page","status-publish","has-post-thumbnail","hentry"],"yoast_head":"<!-- This site is optimized with the Yoast SEO plugin v26.9 - https:\/\/yoast.com\/product\/yoast-seo-wordpress\/ -->\n<title>Le Fonds de dotation - La Maison Bernard<\/title>\n<meta name=\"description\" content=\"Le fonds de dotation Maison Bernard poursuit la longue aventure qui a abouti \u00e0 la cr\u00e9ation d\u2019une architecture ayant marqu\u00e9 la 2\u00e8me moiti\u00e9 du XX\u00e8me si\u00e8cle.\" \/>\n<meta name=\"robots\" content=\"index, follow, max-snippet:-1, max-image-preview:large, max-video-preview:-1\" \/>\n<link rel=\"canonical\" href=\"https:\/\/fonds-maisonbernard.com\/fr\/le-fonds-de-dotation\/\" \/>\n<meta name=\"twitter:label1\" content=\"Dur\u00e9e de lecture estim\u00e9e\" \/>\n\t<meta name=\"twitter:data1\" content=\"7 minutes\" \/>\n<script type=\"application\/ld+json\" class=\"yoast-schema-graph\">{\"@context\":\"https:\/\/schema.org\",\"@graph\":[{\"@type\":\"WebPage\",\"@id\":\"https:\/\/fonds-maisonbernard.com\/fr\/le-fonds-de-dotation\/\",\"url\":\"https:\/\/fonds-maisonbernard.com\/fr\/le-fonds-de-dotation\/\",\"name\":\"[:fr]Le Fonds de dotation - La Maison Bernard[:en]The endowment fund - The Maison Bernard[:]\",\"isPartOf\":{\"@id\":\"https:\/\/fonds-maisonbernard.com\/fr\/#website\"},\"primaryImageOfPage\":{\"@id\":\"https:\/\/fonds-maisonbernard.com\/fr\/le-fonds-de-dotation\/#primaryimage\"},\"image\":{\"@id\":\"https:\/\/fonds-maisonbernard.com\/fr\/le-fonds-de-dotation\/#primaryimage\"},\"thumbnailUrl\":\"https:\/\/fonds-maisonbernard.com\/wp-content\/uploads\/2014\/04\/MB-fonds-de-dotation.jpg\",\"datePublished\":\"2014-04-03T16:15:45+00:00\",\"dateModified\":\"2022-11-04T10:24:22+00:00\",\"description\":\"{:fr}Le fonds de dotation Maison Bernard poursuit la longue aventure qui a abouti \u00e0 la cr\u00e9ation d\u2019une architecture ayant marqu\u00e9 la 2\u00e8me moiti\u00e9 du XX\u00e8me si\u00e8cle.{:en}The endowment fund Maison Bernard continues the enduring adventure culminating in the creation of an architecture that made its mark on the 20th century.{:}\",\"breadcrumb\":{\"@id\":\"https:\/\/fonds-maisonbernard.com\/fr\/le-fonds-de-dotation\/#breadcrumb\"},\"inLanguage\":\"fr-FR\",\"potentialAction\":[{\"@type\":\"ReadAction\",\"target\":[\"https:\/\/fonds-maisonbernard.com\/fr\/le-fonds-de-dotation\/\"]}]},{\"@type\":\"ImageObject\",\"inLanguage\":\"fr-FR\",\"@id\":\"https:\/\/fonds-maisonbernard.com\/fr\/le-fonds-de-dotation\/#primaryimage\",\"url\":\"https:\/\/fonds-maisonbernard.com\/wp-content\/uploads\/2014\/04\/MB-fonds-de-dotation.jpg\",\"contentUrl\":\"https:\/\/fonds-maisonbernard.com\/wp-content\/uploads\/2014\/04\/MB-fonds-de-dotation.jpg\",\"width\":768,\"height\":345},{\"@type\":\"BreadcrumbList\",\"@id\":\"https:\/\/fonds-maisonbernard.com\/fr\/le-fonds-de-dotation\/#breadcrumb\",\"itemListElement\":[{\"@type\":\"ListItem\",\"position\":1,\"name\":\"Accueil\",\"item\":\"https:\/\/fonds-maisonbernard.com\/fr\/\"},{\"@type\":\"ListItem\",\"position\":2,\"name\":\"Le fonds de dotation\"}]},{\"@type\":\"WebSite\",\"@id\":\"https:\/\/fonds-maisonbernard.com\/fr\/#website\",\"url\":\"https:\/\/fonds-maisonbernard.com\/fr\/\",\"name\":\"La Maison Bernard\",\"description\":\"\",\"potentialAction\":[{\"@type\":\"SearchAction\",\"target\":{\"@type\":\"EntryPoint\",\"urlTemplate\":\"https:\/\/fonds-maisonbernard.com\/fr\/?s={search_term_string}\"},\"query-input\":{\"@type\":\"PropertyValueSpecification\",\"valueRequired\":true,\"valueName\":\"search_term_string\"}}],\"inLanguage\":\"fr-FR\"}]}<\/script>\n<!-- \/ Yoast SEO plugin. -->","yoast_head_json":{"title":"Le Fonds de dotation - La Maison Bernard","description":"Le fonds de dotation Maison Bernard poursuit la longue aventure qui a abouti \u00e0 la cr\u00e9ation d\u2019une architecture ayant marqu\u00e9 la 2\u00e8me moiti\u00e9 du XX\u00e8me si\u00e8cle.","robots":{"index":"index","follow":"follow","max-snippet":"max-snippet:-1","max-image-preview":"max-image-preview:large","max-video-preview":"max-video-preview:-1"},"canonical":"https:\/\/fonds-maisonbernard.com\/fr\/le-fonds-de-dotation\/","twitter_misc":{"Dur\u00e9e de lecture estim\u00e9e":"7 minutes"},"schema":{"@context":"https:\/\/schema.org","@graph":[{"@type":"WebPage","@id":"https:\/\/fonds-maisonbernard.com\/fr\/le-fonds-de-dotation\/","url":"https:\/\/fonds-maisonbernard.com\/fr\/le-fonds-de-dotation\/","name":"[:fr]Le Fonds de dotation - La Maison Bernard[:en]The endowment fund - The Maison Bernard[:]","isPartOf":{"@id":"https:\/\/fonds-maisonbernard.com\/fr\/#website"},"primaryImageOfPage":{"@id":"https:\/\/fonds-maisonbernard.com\/fr\/le-fonds-de-dotation\/#primaryimage"},"image":{"@id":"https:\/\/fonds-maisonbernard.com\/fr\/le-fonds-de-dotation\/#primaryimage"},"thumbnailUrl":"https:\/\/fonds-maisonbernard.com\/wp-content\/uploads\/2014\/04\/MB-fonds-de-dotation.jpg","datePublished":"2014-04-03T16:15:45+00:00","dateModified":"2022-11-04T10:24:22+00:00","description":"{:fr}Le fonds de dotation Maison Bernard poursuit la longue aventure qui a abouti \u00e0 la cr\u00e9ation d\u2019une architecture ayant marqu\u00e9 la 2\u00e8me moiti\u00e9 du XX\u00e8me si\u00e8cle.{:en}The endowment fund Maison Bernard continues the enduring adventure culminating in the creation of an architecture that made its mark on the 20th century.{:}","breadcrumb":{"@id":"https:\/\/fonds-maisonbernard.com\/fr\/le-fonds-de-dotation\/#breadcrumb"},"inLanguage":"fr-FR","potentialAction":[{"@type":"ReadAction","target":["https:\/\/fonds-maisonbernard.com\/fr\/le-fonds-de-dotation\/"]}]},{"@type":"ImageObject","inLanguage":"fr-FR","@id":"https:\/\/fonds-maisonbernard.com\/fr\/le-fonds-de-dotation\/#primaryimage","url":"https:\/\/fonds-maisonbernard.com\/wp-content\/uploads\/2014\/04\/MB-fonds-de-dotation.jpg","contentUrl":"https:\/\/fonds-maisonbernard.com\/wp-content\/uploads\/2014\/04\/MB-fonds-de-dotation.jpg","width":768,"height":345},{"@type":"BreadcrumbList","@id":"https:\/\/fonds-maisonbernard.com\/fr\/le-fonds-de-dotation\/#breadcrumb","itemListElement":[{"@type":"ListItem","position":1,"name":"Accueil","item":"https:\/\/fonds-maisonbernard.com\/fr\/"},{"@type":"ListItem","position":2,"name":"Le fonds de dotation"}]},{"@type":"WebSite","@id":"https:\/\/fonds-maisonbernard.com\/fr\/#website","url":"https:\/\/fonds-maisonbernard.com\/fr\/","name":"La Maison Bernard","description":"","potentialAction":[{"@type":"SearchAction","target":{"@type":"EntryPoint","urlTemplate":"https:\/\/fonds-maisonbernard.com\/fr\/?s={search_term_string}"},"query-input":{"@type":"PropertyValueSpecification","valueRequired":true,"valueName":"search_term_string"}}],"inLanguage":"fr-FR"}]}},"_links":{"self":[{"href":"https:\/\/fonds-maisonbernard.com\/fr\/wp-json\/wp\/v2\/pages\/24","targetHints":{"allow":["GET"]}}],"collection":[{"href":"https:\/\/fonds-maisonbernard.com\/fr\/wp-json\/wp\/v2\/pages"}],"about":[{"href":"https:\/\/fonds-maisonbernard.com\/fr\/wp-json\/wp\/v2\/types\/page"}],"author":[{"embeddable":true,"href":"https:\/\/fonds-maisonbernard.com\/fr\/wp-json\/wp\/v2\/users\/4"}],"replies":[{"embeddable":true,"href":"https:\/\/fonds-maisonbernard.com\/fr\/wp-json\/wp\/v2\/comments?post=24"}],"version-history":[{"count":2,"href":"https:\/\/fonds-maisonbernard.com\/fr\/wp-json\/wp\/v2\/pages\/24\/revisions"}],"predecessor-version":[{"id":1439,"href":"https:\/\/fonds-maisonbernard.com\/fr\/wp-json\/wp\/v2\/pages\/24\/revisions\/1439"}],"wp:featuredmedia":[{"embeddable":true,"href":"https:\/\/fonds-maisonbernard.com\/fr\/wp-json\/wp\/v2\/media\/593"}],"wp:attachment":[{"href":"https:\/\/fonds-maisonbernard.com\/fr\/wp-json\/wp\/v2\/media?parent=24"}],"curies":[{"name":"wp","href":"https:\/\/api.w.org\/{rel}","templated":true}]}}