{"id":2,"date":"2014-04-01T14:57:14","date_gmt":"2014-04-01T13:57:14","guid":{"rendered":"https:\/\/localhost\/Maison%20Bernard\/www\/?page_id=2"},"modified":"2016-09-30T11:12:11","modified_gmt":"2016-09-30T09:12:11","slug":"maison-bernard","status":"publish","type":"page","link":"https:\/\/fonds-maisonbernard.com\/fr\/","title":{"rendered":"Home"},"content":{"rendered":"","protected":false},"excerpt":{"rendered":"","protected":false},"author":4,"featured_media":0,"parent":0,"menu_order":0,"comment_status":"closed","ping_status":"closed","template":"template-home.php","meta":{"footnotes":""},"class_list":["post-2","page","type-page","status-publish","hentry"],"yoast_head":"<!-- This site is optimized with the Yoast SEO plugin v26.9 - https:\/\/yoast.com\/product\/yoast-seo-wordpress\/ -->\n<title>Le Fonds de dotation Maison Bernard - La Maison Bernard<\/title>\n<meta name=\"description\" content=\"Le fonds de dotation Maison Bernard p\u00e9rennise l&#039;\u0153uvre d&#039;Antti Lovag et de Pierre Bernard \u00e0 Th\u00e9oule sur Mer et accueille \u00e9galement des artistes en r\u00e9sidence\" \/>\n<meta name=\"robots\" content=\"index, follow, max-snippet:-1, max-image-preview:large, max-video-preview:-1\" \/>\n<link rel=\"canonical\" href=\"https:\/\/fonds-maisonbernard.com\/\" \/>\n<script type=\"application\/ld+json\" class=\"yoast-schema-graph\">{\"@context\":\"https:\/\/schema.org\",\"@graph\":[{\"@type\":\"WebPage\",\"@id\":\"https:\/\/fonds-maisonbernard.com\/fr\/\",\"url\":\"https:\/\/fonds-maisonbernard.com\/\",\"name\":\"Le Fonds de dotation Maison Bernard - La Maison Bernard\",\"isPartOf\":{\"@id\":\"https:\/\/fonds-maisonbernard.com\/fr\/#website\"},\"datePublished\":\"2014-04-01T13:57:14+00:00\",\"dateModified\":\"2016-09-30T09:12:11+00:00\",\"description\":\"Le fonds de dotation Maison Bernard p\u00e9rennise l'\u0153uvre d'Antti Lovag et de Pierre Bernard \u00e0 Th\u00e9oule sur Mer et accueille \u00e9galement des artistes en r\u00e9sidence\",\"breadcrumb\":{\"@id\":\"https:\/\/fonds-maisonbernard.com\/#breadcrumb\"},\"inLanguage\":\"fr-FR\",\"potentialAction\":[{\"@type\":\"ReadAction\",\"target\":[\"https:\/\/fonds-maisonbernard.com\/\"]}]},{\"@type\":\"BreadcrumbList\",\"@id\":\"https:\/\/fonds-maisonbernard.com\/#breadcrumb\",\"itemListElement\":[{\"@type\":\"ListItem\",\"position\":1,\"name\":\"Accueil\",\"item\":\"https:\/\/fonds-maisonbernard.com\/fr\/\"},{\"@type\":\"ListItem\",\"position\":2,\"name\":\"Home\"}]},{\"@type\":\"WebSite\",\"@id\":\"https:\/\/fonds-maisonbernard.com\/fr\/#website\",\"url\":\"https:\/\/fonds-maisonbernard.com\/fr\/\",\"name\":\"La Maison Bernard\",\"description\":\"\",\"potentialAction\":[{\"@type\":\"SearchAction\",\"target\":{\"@type\":\"EntryPoint\",\"urlTemplate\":\"https:\/\/fonds-maisonbernard.com\/fr\/?s={search_term_string}\"},\"query-input\":{\"@type\":\"PropertyValueSpecification\",\"valueRequired\":true,\"valueName\":\"search_term_string\"}}],\"inLanguage\":\"fr-FR\"}]}<\/script>\n<!-- \/ Yoast SEO plugin. -->","yoast_head_json":{"title":"Le Fonds de dotation Maison Bernard - La Maison Bernard","description":"Le fonds de dotation Maison Bernard p\u00e9rennise l'\u0153uvre d'Antti Lovag et de Pierre Bernard \u00e0 Th\u00e9oule sur Mer et accueille \u00e9galement des artistes en r\u00e9sidence","robots":{"index":"index","follow":"follow","max-snippet":"max-snippet:-1","max-image-preview":"max-image-preview:large","max-video-preview":"max-video-preview:-1"},"canonical":"https:\/\/fonds-maisonbernard.com\/","schema":{"@context":"https:\/\/schema.org","@graph":[{"@type":"WebPage","@id":"https:\/\/fonds-maisonbernard.com\/fr\/","url":"https:\/\/fonds-maisonbernard.com\/","name":"Le Fonds de dotation Maison Bernard - La Maison Bernard","isPartOf":{"@id":"https:\/\/fonds-maisonbernard.com\/fr\/#website"},"datePublished":"2014-04-01T13:57:14+00:00","dateModified":"2016-09-30T09:12:11+00:00","description":"Le fonds de dotation Maison Bernard p\u00e9rennise l'\u0153uvre d'Antti Lovag et de Pierre Bernard \u00e0 Th\u00e9oule sur Mer et accueille \u00e9galement des artistes en r\u00e9sidence","breadcrumb":{"@id":"https:\/\/fonds-maisonbernard.com\/#breadcrumb"},"inLanguage":"fr-FR","potentialAction":[{"@type":"ReadAction","target":["https:\/\/fonds-maisonbernard.com\/"]}]},{"@type":"BreadcrumbList","@id":"https:\/\/fonds-maisonbernard.com\/#breadcrumb","itemListElement":[{"@type":"ListItem","position":1,"name":"Accueil","item":"https:\/\/fonds-maisonbernard.com\/fr\/"},{"@type":"ListItem","position":2,"name":"Home"}]},{"@type":"WebSite","@id":"https:\/\/fonds-maisonbernard.com\/fr\/#website","url":"https:\/\/fonds-maisonbernard.com\/fr\/","name":"La Maison Bernard","description":"","potentialAction":[{"@type":"SearchAction","target":{"@type":"EntryPoint","urlTemplate":"https:\/\/fonds-maisonbernard.com\/fr\/?s={search_term_string}"},"query-input":{"@type":"PropertyValueSpecification","valueRequired":true,"valueName":"search_term_string"}}],"inLanguage":"fr-FR"}]}},"_links":{"self":[{"href":"https:\/\/fonds-maisonbernard.com\/fr\/wp-json\/wp\/v2\/pages\/2","targetHints":{"allow":["GET"]}}],"collection":[{"href":"https:\/\/fonds-maisonbernard.com\/fr\/wp-json\/wp\/v2\/pages"}],"about":[{"href":"https:\/\/fonds-maisonbernard.com\/fr\/wp-json\/wp\/v2\/types\/page"}],"author":[{"embeddable":true,"href":"https:\/\/fonds-maisonbernard.com\/fr\/wp-json\/wp\/v2\/users\/4"}],"replies":[{"embeddable":true,"href":"https:\/\/fonds-maisonbernard.com\/fr\/wp-json\/wp\/v2\/comments?post=2"}],"version-history":[{"count":0,"href":"https:\/\/fonds-maisonbernard.com\/fr\/wp-json\/wp\/v2\/pages\/2\/revisions"}],"wp:attachment":[{"href":"https:\/\/fonds-maisonbernard.com\/fr\/wp-json\/wp\/v2\/media?parent=2"}],"curies":[{"name":"wp","href":"https:\/\/api.w.org\/{rel}","templated":true}]}}