{"id":1296,"date":"2014-04-02T18:44:25","date_gmt":"2014-04-02T16:44:25","guid":{"rendered":"https:\/\/fonds-maisonbernard.com\/fr\/?page_id=1296"},"modified":"2022-11-28T15:21:47","modified_gmt":"2022-11-28T14:21:47","slug":"collection-de-livres","status":"publish","type":"page","link":"https:\/\/fonds-maisonbernard.com\/fr\/collection-livres\/","title":{"rendered":"La Collection de livres"},"content":{"rendered":"<p><\/p>\n<h2>MAISON BERNARD<\/h2>\n<p>Nous avons cr\u00e9\u00e9 une collection de livres pour documenter la rencontre des artistes accueillis en r\u00e9sidence avec l&rsquo;architecture d&rsquo;Antti Lovag. Chaque ouvrage propose un long entretien avec l&rsquo;artiste qui \u00e9voque sa d\u00e9couverte de la maison et la conception de son projet, puis une analyse de son oeuvre par un critique et\/ou historien de l&rsquo;art.<\/p>\n<p><h7>EDITEUR<\/h7> Analogues<\/p>","protected":false},"excerpt":{"rendered":"MAISON BERNARD Nous avons cr\u00e9\u00e9 une collection de livres pour documenter la rencontre des artistes accueillis en r\u00e9sidence avec l&rsquo;architecture d&rsquo;Antti Lovag. Chaque ouvrage propose un long entretien avec l&rsquo;artiste qui \u00e9voque sa d\u00e9couverte de la maison et la conception de son projet, puis une analyse de son oeuvre par un critique et\/ou historien de&#8230; <a class=\"view-article\" href=\"https:\/\/fonds-maisonbernard.com\/fr\/collection-livres\/\">Voir l&rsquo;article<\/a>","protected":false},"author":4,"featured_media":1551,"parent":0,"menu_order":0,"comment_status":"closed","ping_status":"closed","template":"template-collection.php","meta":{"footnotes":""},"class_list":["post-1296","page","type-page","status-publish","has-post-thumbnail","hentry"],"yoast_head":"<!-- This site is optimized with the Yoast SEO plugin v26.9 - https:\/\/yoast.com\/product\/yoast-seo-wordpress\/ -->\n<title>La Collection de livres - La Maison Bernard<\/title>\n<meta name=\"description\" content=\"Nous avons cr\u00e9\u00e9 une collection de livres pour documenter la rencontre des artistes accueillis en r\u00e9sidence avec l&#039;architecture d&#039;Antti Lovag.\" \/>\n<meta name=\"robots\" content=\"index, follow, max-snippet:-1, max-image-preview:large, max-video-preview:-1\" \/>\n<link rel=\"canonical\" href=\"https:\/\/fonds-maisonbernard.com\/fr\/collection-livres\/\" \/>\n<meta name=\"twitter:label1\" content=\"Dur\u00e9e de lecture estim\u00e9e\" \/>\n\t<meta name=\"twitter:data1\" content=\"1 minute\" \/>\n<script type=\"application\/ld+json\" class=\"yoast-schema-graph\">{\"@context\":\"https:\/\/schema.org\",\"@graph\":[{\"@type\":\"WebPage\",\"@id\":\"https:\/\/fonds-maisonbernard.com\/fr\/collection-livres\/\",\"url\":\"https:\/\/fonds-maisonbernard.com\/fr\/collection-livres\/\",\"name\":\"[:fr]La Collection de livres - La Maison Bernard[:en]The Books Collection - La Maison Bernard[:]\",\"isPartOf\":{\"@id\":\"https:\/\/fonds-maisonbernard.com\/fr\/#website\"},\"primaryImageOfPage\":{\"@id\":\"https:\/\/fonds-maisonbernard.com\/fr\/collection-livres\/#primaryimage\"},\"image\":{\"@id\":\"https:\/\/fonds-maisonbernard.com\/fr\/collection-livres\/#primaryimage\"},\"thumbnailUrl\":\"https:\/\/fonds-maisonbernard.com\/wp-content\/uploads\/2022\/11\/maison-bernard-collection_V3.jpg\",\"datePublished\":\"2014-04-02T16:44:25+00:00\",\"dateModified\":\"2022-11-28T14:21:47+00:00\",\"description\":\"{:fr}Nous avons cr\u00e9\u00e9 une collection de livres pour documenter la rencontre des artistes accueillis en r\u00e9sidence avec l'architecture d'Antti Lovag.{:en}We have created a collection of books to relate the meeting of the artists welcomed in residence with the architecture of Antti Lovag.{:}\",\"breadcrumb\":{\"@id\":\"https:\/\/fonds-maisonbernard.com\/fr\/collection-livres\/#breadcrumb\"},\"inLanguage\":\"fr-FR\",\"potentialAction\":[{\"@type\":\"ReadAction\",\"target\":[\"https:\/\/fonds-maisonbernard.com\/fr\/collection-livres\/\"]}]},{\"@type\":\"ImageObject\",\"inLanguage\":\"fr-FR\",\"@id\":\"https:\/\/fonds-maisonbernard.com\/fr\/collection-livres\/#primaryimage\",\"url\":\"https:\/\/fonds-maisonbernard.com\/wp-content\/uploads\/2022\/11\/maison-bernard-collection_V3.jpg\",\"contentUrl\":\"https:\/\/fonds-maisonbernard.com\/wp-content\/uploads\/2022\/11\/maison-bernard-collection_V3.jpg\",\"width\":512,\"height\":415},{\"@type\":\"BreadcrumbList\",\"@id\":\"https:\/\/fonds-maisonbernard.com\/fr\/collection-livres\/#breadcrumb\",\"itemListElement\":[{\"@type\":\"ListItem\",\"position\":1,\"name\":\"Accueil\",\"item\":\"https:\/\/fonds-maisonbernard.com\/fr\/\"},{\"@type\":\"ListItem\",\"position\":2,\"name\":\"La Collection de livres\"}]},{\"@type\":\"WebSite\",\"@id\":\"https:\/\/fonds-maisonbernard.com\/fr\/#website\",\"url\":\"https:\/\/fonds-maisonbernard.com\/fr\/\",\"name\":\"La Maison Bernard\",\"description\":\"\",\"potentialAction\":[{\"@type\":\"SearchAction\",\"target\":{\"@type\":\"EntryPoint\",\"urlTemplate\":\"https:\/\/fonds-maisonbernard.com\/fr\/?s={search_term_string}\"},\"query-input\":{\"@type\":\"PropertyValueSpecification\",\"valueRequired\":true,\"valueName\":\"search_term_string\"}}],\"inLanguage\":\"fr-FR\"}]}<\/script>\n<!-- \/ Yoast SEO plugin. -->","yoast_head_json":{"title":"La Collection de livres - La Maison Bernard","description":"Nous avons cr\u00e9\u00e9 une collection de livres pour documenter la rencontre des artistes accueillis en r\u00e9sidence avec l'architecture d'Antti Lovag.","robots":{"index":"index","follow":"follow","max-snippet":"max-snippet:-1","max-image-preview":"max-image-preview:large","max-video-preview":"max-video-preview:-1"},"canonical":"https:\/\/fonds-maisonbernard.com\/fr\/collection-livres\/","twitter_misc":{"Dur\u00e9e de lecture estim\u00e9e":"1 minute"},"schema":{"@context":"https:\/\/schema.org","@graph":[{"@type":"WebPage","@id":"https:\/\/fonds-maisonbernard.com\/fr\/collection-livres\/","url":"https:\/\/fonds-maisonbernard.com\/fr\/collection-livres\/","name":"[:fr]La Collection de livres - La Maison Bernard[:en]The Books Collection - La Maison Bernard[:]","isPartOf":{"@id":"https:\/\/fonds-maisonbernard.com\/fr\/#website"},"primaryImageOfPage":{"@id":"https:\/\/fonds-maisonbernard.com\/fr\/collection-livres\/#primaryimage"},"image":{"@id":"https:\/\/fonds-maisonbernard.com\/fr\/collection-livres\/#primaryimage"},"thumbnailUrl":"https:\/\/fonds-maisonbernard.com\/wp-content\/uploads\/2022\/11\/maison-bernard-collection_V3.jpg","datePublished":"2014-04-02T16:44:25+00:00","dateModified":"2022-11-28T14:21:47+00:00","description":"{:fr}Nous avons cr\u00e9\u00e9 une collection de livres pour documenter la rencontre des artistes accueillis en r\u00e9sidence avec l'architecture d'Antti Lovag.{:en}We have created a collection of books to relate the meeting of the artists welcomed in residence with the architecture of Antti Lovag.{:}","breadcrumb":{"@id":"https:\/\/fonds-maisonbernard.com\/fr\/collection-livres\/#breadcrumb"},"inLanguage":"fr-FR","potentialAction":[{"@type":"ReadAction","target":["https:\/\/fonds-maisonbernard.com\/fr\/collection-livres\/"]}]},{"@type":"ImageObject","inLanguage":"fr-FR","@id":"https:\/\/fonds-maisonbernard.com\/fr\/collection-livres\/#primaryimage","url":"https:\/\/fonds-maisonbernard.com\/wp-content\/uploads\/2022\/11\/maison-bernard-collection_V3.jpg","contentUrl":"https:\/\/fonds-maisonbernard.com\/wp-content\/uploads\/2022\/11\/maison-bernard-collection_V3.jpg","width":512,"height":415},{"@type":"BreadcrumbList","@id":"https:\/\/fonds-maisonbernard.com\/fr\/collection-livres\/#breadcrumb","itemListElement":[{"@type":"ListItem","position":1,"name":"Accueil","item":"https:\/\/fonds-maisonbernard.com\/fr\/"},{"@type":"ListItem","position":2,"name":"La Collection de livres"}]},{"@type":"WebSite","@id":"https:\/\/fonds-maisonbernard.com\/fr\/#website","url":"https:\/\/fonds-maisonbernard.com\/fr\/","name":"La Maison Bernard","description":"","potentialAction":[{"@type":"SearchAction","target":{"@type":"EntryPoint","urlTemplate":"https:\/\/fonds-maisonbernard.com\/fr\/?s={search_term_string}"},"query-input":{"@type":"PropertyValueSpecification","valueRequired":true,"valueName":"search_term_string"}}],"inLanguage":"fr-FR"}]}},"_links":{"self":[{"href":"https:\/\/fonds-maisonbernard.com\/fr\/wp-json\/wp\/v2\/pages\/1296","targetHints":{"allow":["GET"]}}],"collection":[{"href":"https:\/\/fonds-maisonbernard.com\/fr\/wp-json\/wp\/v2\/pages"}],"about":[{"href":"https:\/\/fonds-maisonbernard.com\/fr\/wp-json\/wp\/v2\/types\/page"}],"author":[{"embeddable":true,"href":"https:\/\/fonds-maisonbernard.com\/fr\/wp-json\/wp\/v2\/users\/4"}],"replies":[{"embeddable":true,"href":"https:\/\/fonds-maisonbernard.com\/fr\/wp-json\/wp\/v2\/comments?post=1296"}],"version-history":[{"count":42,"href":"https:\/\/fonds-maisonbernard.com\/fr\/wp-json\/wp\/v2\/pages\/1296\/revisions"}],"predecessor-version":[{"id":1553,"href":"https:\/\/fonds-maisonbernard.com\/fr\/wp-json\/wp\/v2\/pages\/1296\/revisions\/1553"}],"wp:featuredmedia":[{"embeddable":true,"href":"https:\/\/fonds-maisonbernard.com\/fr\/wp-json\/wp\/v2\/media\/1551"}],"wp:attachment":[{"href":"https:\/\/fonds-maisonbernard.com\/fr\/wp-json\/wp\/v2\/media?parent=1296"}],"curies":[{"name":"wp","href":"https:\/\/api.w.org\/{rel}","templated":true}]}}