{"id":36,"date":"2014-04-03T12:44:35","date_gmt":"2014-04-03T10:44:35","guid":{"rendered":"https:\/\/localhost\/Maison%20Bernard\/www\/?page_id=36"},"modified":"2022-11-28T14:54:02","modified_gmt":"2022-11-28T13:54:02","slug":"art-in-progress","status":"publish","type":"page","link":"https:\/\/fonds-maisonbernard.com\/en\/art-in-progress\/","title":{"rendered":"Art in progress"},"content":{"rendered":"<p><!--[col type=\"50_1\"]\n\n\n<div class=\"content-justify\">\n\n\n<h1>work in progress<\/h1>\n\n\n\n\n<h2>the resident artists<\/h2>\n\n\n\n\n<h4>After its recent renovation, the Maison Bernard endowment fund's artists' residence is now open and ready to receive artists' proposals for the coming Winter 2014\/2015.<\/h4>\n\n\nThis \u201cwork in progress\u201d section will present, at the end of their residency, each artist, their original works and their creative process.\n&nbsp;<a href=\"#\" class=\"email_residence\" title=\"Click here to apply to be a resident artist:\">Click here to apply to be a resident artist<\/a>\n\n<\/div>\n\n\n[\/col]\n[col type=\"50_2\"]\n\n\n<div class=\"content-right\">\n\n\n<h2>address<\/h2>\n\n\nMaison Bernard, Port-la-Gal\u00e8re\n06590 Th\u00e9oule-sur-Mer, France\n\n\n<h2>contact<\/h2>\n\n\n<a href=\"#\" class=\"email_residence\" >residence[at]fonds-maisonbernard.com<\/a><\/div>\n\n\n&nbsp;\n[\/col]--><\/p>","protected":false},"excerpt":{"rendered":"","protected":false},"author":4,"featured_media":1531,"parent":0,"menu_order":0,"comment_status":"closed","ping_status":"closed","template":"template-workInProgress.php","meta":{"footnotes":""},"class_list":["post-36","page","type-page","status-publish","has-post-thumbnail","hentry"],"yoast_head":"<!-- This site is optimized with the Yoast SEO plugin v26.9 - https:\/\/yoast.com\/product\/yoast-seo-wordpress\/ -->\n<title>Art in Progress - The Maison Bernard<\/title>\n<meta name=\"description\" content=\"Art in Progress introduces the works realized in the Maison Bernard by artists during their residence. They are classified by year, art and media.\" \/>\n<meta name=\"robots\" content=\"index, follow, max-snippet:-1, max-image-preview:large, max-video-preview:-1\" \/>\n<link rel=\"canonical\" href=\"https:\/\/fonds-maisonbernard.com\/art-in-progress\/\" \/>\n<meta name=\"twitter:label1\" content=\"Est. reading time\" \/>\n\t<meta name=\"twitter:data1\" content=\"1 minute\" \/>\n<script type=\"application\/ld+json\" class=\"yoast-schema-graph\">{\"@context\":\"https:\/\/schema.org\",\"@graph\":[{\"@type\":\"WebPage\",\"@id\":\"https:\/\/fonds-maisonbernard.com\/fr\/art-in-progress\/\",\"url\":\"https:\/\/fonds-maisonbernard.com\/art-in-progress\/\",\"name\":\"[:fr]Art in Progress - La Maison Bernard[:en]Art in Progress - The Maison Bernard[:]\",\"isPartOf\":{\"@id\":\"https:\/\/fonds-maisonbernard.com\/fr\/#website\"},\"primaryImageOfPage\":{\"@id\":\"https:\/\/fonds-maisonbernard.com\/art-in-progress\/#primaryimage\"},\"image\":{\"@id\":\"https:\/\/fonds-maisonbernard.com\/art-in-progress\/#primaryimage\"},\"thumbnailUrl\":\"https:\/\/fonds-maisonbernard.com\/wp-content\/uploads\/2022\/11\/maison-bernard-susanna-fritscher-une.jpg\",\"datePublished\":\"2014-04-03T10:44:35+00:00\",\"dateModified\":\"2022-11-28T13:54:02+00:00\",\"description\":\"{:fr}Art in Progress pr\u00e9sente les oeuvres r\u00e9alis\u00e9es au sein de la Maison Bernard par les artistes accueillis en r\u00e9sidence.{:en}Art in Progress introduces the works realized in the Maison Bernard by artists during their residence. They are classified by year, art and media.{:}\",\"breadcrumb\":{\"@id\":\"https:\/\/fonds-maisonbernard.com\/art-in-progress\/#breadcrumb\"},\"inLanguage\":\"en-US\",\"potentialAction\":[{\"@type\":\"ReadAction\",\"target\":[\"https:\/\/fonds-maisonbernard.com\/art-in-progress\/\"]}]},{\"@type\":\"ImageObject\",\"inLanguage\":\"en-US\",\"@id\":\"https:\/\/fonds-maisonbernard.com\/art-in-progress\/#primaryimage\",\"url\":\"https:\/\/fonds-maisonbernard.com\/wp-content\/uploads\/2022\/11\/maison-bernard-susanna-fritscher-une.jpg\",\"contentUrl\":\"https:\/\/fonds-maisonbernard.com\/wp-content\/uploads\/2022\/11\/maison-bernard-susanna-fritscher-une.jpg\",\"width\":768,\"height\":345},{\"@type\":\"BreadcrumbList\",\"@id\":\"https:\/\/fonds-maisonbernard.com\/art-in-progress\/#breadcrumb\",\"itemListElement\":[{\"@type\":\"ListItem\",\"position\":1,\"name\":\"Accueil\",\"item\":\"https:\/\/fonds-maisonbernard.com\/fr\/\"},{\"@type\":\"ListItem\",\"position\":2,\"name\":\"Art in progress\"}]},{\"@type\":\"WebSite\",\"@id\":\"https:\/\/fonds-maisonbernard.com\/fr\/#website\",\"url\":\"https:\/\/fonds-maisonbernard.com\/fr\/\",\"name\":\"La Maison Bernard\",\"description\":\"\",\"potentialAction\":[{\"@type\":\"SearchAction\",\"target\":{\"@type\":\"EntryPoint\",\"urlTemplate\":\"https:\/\/fonds-maisonbernard.com\/fr\/?s={search_term_string}\"},\"query-input\":{\"@type\":\"PropertyValueSpecification\",\"valueRequired\":true,\"valueName\":\"search_term_string\"}}],\"inLanguage\":\"en-US\"}]}<\/script>\n<!-- \/ Yoast SEO plugin. -->","yoast_head_json":{"title":"Art in Progress - The Maison Bernard","description":"Art in Progress introduces the works realized in the Maison Bernard by artists during their residence. They are classified by year, art and media.","robots":{"index":"index","follow":"follow","max-snippet":"max-snippet:-1","max-image-preview":"max-image-preview:large","max-video-preview":"max-video-preview:-1"},"canonical":"https:\/\/fonds-maisonbernard.com\/art-in-progress\/","twitter_misc":{"Est. reading time":"1 minute"},"schema":{"@context":"https:\/\/schema.org","@graph":[{"@type":"WebPage","@id":"https:\/\/fonds-maisonbernard.com\/fr\/art-in-progress\/","url":"https:\/\/fonds-maisonbernard.com\/art-in-progress\/","name":"[:fr]Art in Progress - La Maison Bernard[:en]Art in Progress - The Maison Bernard[:]","isPartOf":{"@id":"https:\/\/fonds-maisonbernard.com\/fr\/#website"},"primaryImageOfPage":{"@id":"https:\/\/fonds-maisonbernard.com\/art-in-progress\/#primaryimage"},"image":{"@id":"https:\/\/fonds-maisonbernard.com\/art-in-progress\/#primaryimage"},"thumbnailUrl":"https:\/\/fonds-maisonbernard.com\/wp-content\/uploads\/2022\/11\/maison-bernard-susanna-fritscher-une.jpg","datePublished":"2014-04-03T10:44:35+00:00","dateModified":"2022-11-28T13:54:02+00:00","description":"{:fr}Art in Progress pr\u00e9sente les oeuvres r\u00e9alis\u00e9es au sein de la Maison Bernard par les artistes accueillis en r\u00e9sidence.{:en}Art in Progress introduces the works realized in the Maison Bernard by artists during their residence. They are classified by year, art and media.{:}","breadcrumb":{"@id":"https:\/\/fonds-maisonbernard.com\/art-in-progress\/#breadcrumb"},"inLanguage":"en-US","potentialAction":[{"@type":"ReadAction","target":["https:\/\/fonds-maisonbernard.com\/art-in-progress\/"]}]},{"@type":"ImageObject","inLanguage":"en-US","@id":"https:\/\/fonds-maisonbernard.com\/art-in-progress\/#primaryimage","url":"https:\/\/fonds-maisonbernard.com\/wp-content\/uploads\/2022\/11\/maison-bernard-susanna-fritscher-une.jpg","contentUrl":"https:\/\/fonds-maisonbernard.com\/wp-content\/uploads\/2022\/11\/maison-bernard-susanna-fritscher-une.jpg","width":768,"height":345},{"@type":"BreadcrumbList","@id":"https:\/\/fonds-maisonbernard.com\/art-in-progress\/#breadcrumb","itemListElement":[{"@type":"ListItem","position":1,"name":"Accueil","item":"https:\/\/fonds-maisonbernard.com\/fr\/"},{"@type":"ListItem","position":2,"name":"Art in progress"}]},{"@type":"WebSite","@id":"https:\/\/fonds-maisonbernard.com\/fr\/#website","url":"https:\/\/fonds-maisonbernard.com\/fr\/","name":"La Maison Bernard","description":"","potentialAction":[{"@type":"SearchAction","target":{"@type":"EntryPoint","urlTemplate":"https:\/\/fonds-maisonbernard.com\/fr\/?s={search_term_string}"},"query-input":{"@type":"PropertyValueSpecification","valueRequired":true,"valueName":"search_term_string"}}],"inLanguage":"en-US"}]}},"_links":{"self":[{"href":"https:\/\/fonds-maisonbernard.com\/en\/wp-json\/wp\/v2\/pages\/36","targetHints":{"allow":["GET"]}}],"collection":[{"href":"https:\/\/fonds-maisonbernard.com\/en\/wp-json\/wp\/v2\/pages"}],"about":[{"href":"https:\/\/fonds-maisonbernard.com\/en\/wp-json\/wp\/v2\/types\/page"}],"author":[{"embeddable":true,"href":"https:\/\/fonds-maisonbernard.com\/en\/wp-json\/wp\/v2\/users\/4"}],"replies":[{"embeddable":true,"href":"https:\/\/fonds-maisonbernard.com\/en\/wp-json\/wp\/v2\/comments?post=36"}],"version-history":[{"count":5,"href":"https:\/\/fonds-maisonbernard.com\/en\/wp-json\/wp\/v2\/pages\/36\/revisions"}],"predecessor-version":[{"id":1533,"href":"https:\/\/fonds-maisonbernard.com\/en\/wp-json\/wp\/v2\/pages\/36\/revisions\/1533"}],"wp:featuredmedia":[{"embeddable":true,"href":"https:\/\/fonds-maisonbernard.com\/en\/wp-json\/wp\/v2\/media\/1531"}],"wp:attachment":[{"href":"https:\/\/fonds-maisonbernard.com\/en\/wp-json\/wp\/v2\/media?parent=36"}],"curies":[{"name":"wp","href":"https:\/\/api.w.org\/{rel}","templated":true}]}}