{"id":1296,"date":"2014-04-02T18:44:25","date_gmt":"2014-04-02T16:44:25","guid":{"rendered":"https:\/\/fonds-maisonbernard.com\/fr\/?page_id=1296"},"modified":"2022-11-28T15:21:47","modified_gmt":"2022-11-28T14:21:47","slug":"collection-de-livres","status":"publish","type":"page","link":"https:\/\/fonds-maisonbernard.com\/en\/books-collection\/","title":{"rendered":"The Books Collection"},"content":{"rendered":"<p><\/p>\n<h2>MAISON BERNARD<\/h2>\n<p>We have  created a collection of books to relate the meeting of the artists welcomed in residence with the architecture of Antti Lovag. Every book proposes a long interview with the artists who evoke their discovery of the house and the design of their projects, then an analysis of their works by a critic and\\or an art historian.<\/p>\n<p><h7>publisher<\/h7> Analogues<\/p>","protected":false},"excerpt":{"rendered":"MAISON BERNARD We have created a collection of books to relate the meeting of the artists welcomed in residence with the architecture of Antti Lovag. Every book proposes a long interview with the artists who evoke their discovery of the house and the design of their projects, then an analysis of their works by a&#8230; <a class=\"view-article\" href=\"https:\/\/fonds-maisonbernard.com\/en\/books-collection\/\">View Article<\/a>","protected":false},"author":4,"featured_media":1551,"parent":0,"menu_order":0,"comment_status":"closed","ping_status":"closed","template":"template-collection.php","meta":{"footnotes":""},"class_list":["post-1296","page","type-page","status-publish","has-post-thumbnail","hentry"],"yoast_head":"<!-- This site is optimized with the Yoast SEO plugin v26.9 - https:\/\/yoast.com\/product\/yoast-seo-wordpress\/ -->\n<title>The Books Collection - La Maison Bernard<\/title>\n<meta name=\"description\" content=\"We have created a collection of books to relate the meeting of the artists welcomed in residence with the architecture of Antti Lovag.\" \/>\n<meta name=\"robots\" content=\"index, follow, max-snippet:-1, max-image-preview:large, max-video-preview:-1\" \/>\n<link rel=\"canonical\" href=\"https:\/\/fonds-maisonbernard.com\/fr\/collection-livres\/\" \/>\n<meta name=\"twitter:label1\" content=\"Est. reading time\" \/>\n\t<meta name=\"twitter:data1\" content=\"1 minute\" \/>\n<script type=\"application\/ld+json\" class=\"yoast-schema-graph\">{\"@context\":\"https:\/\/schema.org\",\"@graph\":[{\"@type\":\"WebPage\",\"@id\":\"https:\/\/fonds-maisonbernard.com\/fr\/collection-livres\/\",\"url\":\"https:\/\/fonds-maisonbernard.com\/fr\/collection-livres\/\",\"name\":\"[:fr]La Collection de livres - La Maison Bernard[:en]The Books Collection - La Maison Bernard[:]\",\"isPartOf\":{\"@id\":\"https:\/\/fonds-maisonbernard.com\/fr\/#website\"},\"primaryImageOfPage\":{\"@id\":\"https:\/\/fonds-maisonbernard.com\/fr\/collection-livres\/#primaryimage\"},\"image\":{\"@id\":\"https:\/\/fonds-maisonbernard.com\/fr\/collection-livres\/#primaryimage\"},\"thumbnailUrl\":\"https:\/\/fonds-maisonbernard.com\/wp-content\/uploads\/2022\/11\/maison-bernard-collection_V3.jpg\",\"datePublished\":\"2014-04-02T16:44:25+00:00\",\"dateModified\":\"2022-11-28T14:21:47+00:00\",\"description\":\"{:fr}Nous avons cr\u00e9\u00e9 une collection de livres pour documenter la rencontre des artistes accueillis en r\u00e9sidence avec l'architecture d'Antti Lovag.{:en}We have created a collection of books to relate the meeting of the artists welcomed in residence with the architecture of Antti Lovag.{:}\",\"breadcrumb\":{\"@id\":\"https:\/\/fonds-maisonbernard.com\/fr\/collection-livres\/#breadcrumb\"},\"inLanguage\":\"en-US\",\"potentialAction\":[{\"@type\":\"ReadAction\",\"target\":[\"https:\/\/fonds-maisonbernard.com\/fr\/collection-livres\/\"]}]},{\"@type\":\"ImageObject\",\"inLanguage\":\"en-US\",\"@id\":\"https:\/\/fonds-maisonbernard.com\/fr\/collection-livres\/#primaryimage\",\"url\":\"https:\/\/fonds-maisonbernard.com\/wp-content\/uploads\/2022\/11\/maison-bernard-collection_V3.jpg\",\"contentUrl\":\"https:\/\/fonds-maisonbernard.com\/wp-content\/uploads\/2022\/11\/maison-bernard-collection_V3.jpg\",\"width\":512,\"height\":415},{\"@type\":\"BreadcrumbList\",\"@id\":\"https:\/\/fonds-maisonbernard.com\/fr\/collection-livres\/#breadcrumb\",\"itemListElement\":[{\"@type\":\"ListItem\",\"position\":1,\"name\":\"Accueil\",\"item\":\"https:\/\/fonds-maisonbernard.com\/fr\/\"},{\"@type\":\"ListItem\",\"position\":2,\"name\":\"La Collection de livres\"}]},{\"@type\":\"WebSite\",\"@id\":\"https:\/\/fonds-maisonbernard.com\/fr\/#website\",\"url\":\"https:\/\/fonds-maisonbernard.com\/fr\/\",\"name\":\"La Maison Bernard\",\"description\":\"\",\"potentialAction\":[{\"@type\":\"SearchAction\",\"target\":{\"@type\":\"EntryPoint\",\"urlTemplate\":\"https:\/\/fonds-maisonbernard.com\/fr\/?s={search_term_string}\"},\"query-input\":{\"@type\":\"PropertyValueSpecification\",\"valueRequired\":true,\"valueName\":\"search_term_string\"}}],\"inLanguage\":\"en-US\"}]}<\/script>\n<!-- \/ Yoast SEO plugin. -->","yoast_head_json":{"title":"The Books Collection - La Maison Bernard","description":"We have created a collection of books to relate the meeting of the artists welcomed in residence with the architecture of Antti Lovag.","robots":{"index":"index","follow":"follow","max-snippet":"max-snippet:-1","max-image-preview":"max-image-preview:large","max-video-preview":"max-video-preview:-1"},"canonical":"https:\/\/fonds-maisonbernard.com\/fr\/collection-livres\/","twitter_misc":{"Est. reading time":"1 minute"},"schema":{"@context":"https:\/\/schema.org","@graph":[{"@type":"WebPage","@id":"https:\/\/fonds-maisonbernard.com\/fr\/collection-livres\/","url":"https:\/\/fonds-maisonbernard.com\/fr\/collection-livres\/","name":"[:fr]La Collection de livres - La Maison Bernard[:en]The Books Collection - La Maison Bernard[:]","isPartOf":{"@id":"https:\/\/fonds-maisonbernard.com\/fr\/#website"},"primaryImageOfPage":{"@id":"https:\/\/fonds-maisonbernard.com\/fr\/collection-livres\/#primaryimage"},"image":{"@id":"https:\/\/fonds-maisonbernard.com\/fr\/collection-livres\/#primaryimage"},"thumbnailUrl":"https:\/\/fonds-maisonbernard.com\/wp-content\/uploads\/2022\/11\/maison-bernard-collection_V3.jpg","datePublished":"2014-04-02T16:44:25+00:00","dateModified":"2022-11-28T14:21:47+00:00","description":"{:fr}Nous avons cr\u00e9\u00e9 une collection de livres pour documenter la rencontre des artistes accueillis en r\u00e9sidence avec l'architecture d'Antti Lovag.{:en}We have created a collection of books to relate the meeting of the artists welcomed in residence with the architecture of Antti Lovag.{:}","breadcrumb":{"@id":"https:\/\/fonds-maisonbernard.com\/fr\/collection-livres\/#breadcrumb"},"inLanguage":"en-US","potentialAction":[{"@type":"ReadAction","target":["https:\/\/fonds-maisonbernard.com\/fr\/collection-livres\/"]}]},{"@type":"ImageObject","inLanguage":"en-US","@id":"https:\/\/fonds-maisonbernard.com\/fr\/collection-livres\/#primaryimage","url":"https:\/\/fonds-maisonbernard.com\/wp-content\/uploads\/2022\/11\/maison-bernard-collection_V3.jpg","contentUrl":"https:\/\/fonds-maisonbernard.com\/wp-content\/uploads\/2022\/11\/maison-bernard-collection_V3.jpg","width":512,"height":415},{"@type":"BreadcrumbList","@id":"https:\/\/fonds-maisonbernard.com\/fr\/collection-livres\/#breadcrumb","itemListElement":[{"@type":"ListItem","position":1,"name":"Accueil","item":"https:\/\/fonds-maisonbernard.com\/fr\/"},{"@type":"ListItem","position":2,"name":"La Collection de livres"}]},{"@type":"WebSite","@id":"https:\/\/fonds-maisonbernard.com\/fr\/#website","url":"https:\/\/fonds-maisonbernard.com\/fr\/","name":"La Maison Bernard","description":"","potentialAction":[{"@type":"SearchAction","target":{"@type":"EntryPoint","urlTemplate":"https:\/\/fonds-maisonbernard.com\/fr\/?s={search_term_string}"},"query-input":{"@type":"PropertyValueSpecification","valueRequired":true,"valueName":"search_term_string"}}],"inLanguage":"en-US"}]}},"_links":{"self":[{"href":"https:\/\/fonds-maisonbernard.com\/en\/wp-json\/wp\/v2\/pages\/1296","targetHints":{"allow":["GET"]}}],"collection":[{"href":"https:\/\/fonds-maisonbernard.com\/en\/wp-json\/wp\/v2\/pages"}],"about":[{"href":"https:\/\/fonds-maisonbernard.com\/en\/wp-json\/wp\/v2\/types\/page"}],"author":[{"embeddable":true,"href":"https:\/\/fonds-maisonbernard.com\/en\/wp-json\/wp\/v2\/users\/4"}],"replies":[{"embeddable":true,"href":"https:\/\/fonds-maisonbernard.com\/en\/wp-json\/wp\/v2\/comments?post=1296"}],"version-history":[{"count":42,"href":"https:\/\/fonds-maisonbernard.com\/en\/wp-json\/wp\/v2\/pages\/1296\/revisions"}],"predecessor-version":[{"id":1553,"href":"https:\/\/fonds-maisonbernard.com\/en\/wp-json\/wp\/v2\/pages\/1296\/revisions\/1553"}],"wp:featuredmedia":[{"embeddable":true,"href":"https:\/\/fonds-maisonbernard.com\/en\/wp-json\/wp\/v2\/media\/1551"}],"wp:attachment":[{"href":"https:\/\/fonds-maisonbernard.com\/en\/wp-json\/wp\/v2\/media?parent=1296"}],"curies":[{"name":"wp","href":"https:\/\/api.w.org\/{rel}","templated":true}]}}